{"id":3558,"date":"2024-01-05T14:01:21","date_gmt":"2024-01-05T12:01:21","guid":{"rendered":"https:\/\/pscsolar.hu\/?page_id=3558"},"modified":"2024-01-05T15:17:23","modified_gmt":"2024-01-05T13:17:23","slug":"napenergia-plusz-program","status":"publish","type":"page","link":"https:\/\/pscsolar.hu\/en\/napenergia-plusz-program\/","title":{"rendered":"Solar Plus Program"},"content":{"rendered":"<div data-elementor-type=\"wp-page\" data-elementor-id=\"3558\" class=\"elementor elementor-3558\" data-elementor-post-type=\"page\">\n\t\t\t\t\t\t<section class=\"elementor-section elementor-top-section elementor-element elementor-element-fbdef79 elementor-section-boxed elementor-section-height-default elementor-section-height-default\" data-id=\"fbdef79\" data-element_type=\"section\" data-e-type=\"section\" data-settings=\"{&quot;background_background&quot;:&quot;classic&quot;}\">\n\t\t\t\t\t\t\t<div class=\"elementor-background-overlay\"><\/div>\n\t\t\t\t\t\t\t<div class=\"elementor-container elementor-column-gap-default\">\n\t\t\t\t\t<div class=\"elementor-column elementor-col-100 elementor-top-column elementor-element elementor-element-b141161\" data-id=\"b141161\" data-element_type=\"column\" data-e-type=\"column\">\n\t\t\t<div class=\"elementor-widget-wrap elementor-element-populated\">\n\t\t\t\t\t\t<div class=\"elementor-element elementor-element-5b6c002 animated-slow elementor-invisible elementor-widget elementor-widget-heading\" data-id=\"5b6c002\" data-element_type=\"widget\" data-e-type=\"widget\" data-settings=\"{&quot;_animation&quot;:&quot;fadeIn&quot;,&quot;_animation_delay&quot;:700}\" data-widget_type=\"heading.default\">\n\t\t\t\t<div class=\"elementor-widget-container\">\n\t\t\t\t\t<h1 class=\"elementor-heading-title elementor-size-default\">Solar Plus Program<\/h1>\t\t\t\t<\/div>\n\t\t\t\t<\/div>\n\t\t\t\t<div class=\"elementor-element elementor-element-723160d animated-slow elementor-invisible elementor-widget elementor-widget-heading\" data-id=\"723160d\" data-element_type=\"widget\" data-e-type=\"widget\" data-settings=\"{&quot;_animation&quot;:&quot;fadeIn&quot;,&quot;_animation_delay&quot;:700}\" data-widget_type=\"heading.default\">\n\t\t\t\t<div class=\"elementor-widget-container\">\n\t\t\t\t\t<h1 class=\"elementor-heading-title elementor-size-default\">66% WITH STATE SUPPORT<\/h1>\t\t\t\t<\/div>\n\t\t\t\t<\/div>\n\t\t\t\t<div class=\"elementor-element elementor-element-92b0b0f animated-slow elementor-invisible elementor-widget elementor-widget-text-editor\" data-id=\"92b0b0f\" data-element_type=\"widget\" data-e-type=\"widget\" data-settings=\"{&quot;_animation&quot;:&quot;fadeIn&quot;,&quot;_animation_delay&quot;:900}\" data-widget_type=\"text-editor.default\">\n\t\t\t\t<div class=\"elementor-widget-container\">\n\t\t\t\t\t\t\t\t\t<p>We will write the application for free!<\/p>\t\t\t\t\t\t\t\t<\/div>\n\t\t\t\t<\/div>\n\t\t\t\t\t<\/div>\n\t\t<\/div>\n\t\t\t\t\t<\/div>\n\t\t<\/section>\n\t\t\t\t<section class=\"elementor-section elementor-top-section elementor-element elementor-element-de6b6ac elementor-section-height-min-height elementor-section-boxed elementor-section-height-default elementor-section-items-middle\" data-id=\"de6b6ac\" data-element_type=\"section\" data-e-type=\"section\" data-settings=\"{&quot;background_background&quot;:&quot;classic&quot;,&quot;shape_divider_bottom&quot;:&quot;triangle-asymmetrical&quot;,&quot;shape_divider_bottom_negative&quot;:&quot;yes&quot;}\">\n\t\t\t\t\t<div class=\"elementor-shape elementor-shape-bottom\" aria-hidden=\"true\" data-negative=\"true\">\n\t\t\t<svg xmlns=\"http:\/\/www.w3.org\/2000\/svg\" viewbox=\"0 0 1000 100\" preserveaspectratio=\"none\">\n\t<path class=\"elementor-shape-fill\" d=\"M737.9,94.7L0,0v100h1000V0L737.9,94.7z\"\/>\n<\/svg>\t\t<\/div>\n\t\t\t\t\t<div class=\"elementor-container elementor-column-gap-default\">\n\t\t\t\t\t<div class=\"elementor-column elementor-col-100 elementor-top-column elementor-element elementor-element-33026f5\" data-id=\"33026f5\" data-element_type=\"column\" data-e-type=\"column\">\n\t\t\t<div class=\"elementor-widget-wrap\">\n\t\t\t\t\t\t\t<\/div>\n\t\t<\/div>\n\t\t\t\t\t<\/div>\n\t\t<\/section>\n\t\t\t\t<section class=\"elementor-section elementor-top-section elementor-element elementor-element-7e0ace3 elementor-section-boxed elementor-section-height-default elementor-section-height-default\" data-id=\"7e0ace3\" data-element_type=\"section\" data-e-type=\"section\">\n\t\t\t\t\t\t<div class=\"elementor-container elementor-column-gap-default\">\n\t\t\t\t\t<div class=\"elementor-column elementor-col-100 elementor-top-column elementor-element elementor-element-925081c\" data-id=\"925081c\" data-element_type=\"column\" data-e-type=\"column\">\n\t\t\t<div class=\"elementor-widget-wrap elementor-element-populated\">\n\t\t\t\t\t\t<div class=\"elementor-element elementor-element-426f27b elementor-widget elementor-widget-toggle\" data-id=\"426f27b\" data-element_type=\"widget\" data-e-type=\"widget\" data-widget_type=\"toggle.default\">\n\t\t\t\t<div class=\"elementor-widget-container\">\n\t\t\t\t\t\t\t<div class=\"elementor-toggle\">\n\t\t\t\t\t\t\t<div class=\"elementor-toggle-item\">\n\t\t\t\t\t<div id=\"elementor-tab-title-6961\" class=\"elementor-tab-title\" data-tab=\"1\" role=\"button\" aria-controls=\"elementor-tab-content-6961\" aria-expanded=\"false\">\n\t\t\t\t\t\t\t\t\t\t\t\t<span class=\"elementor-toggle-icon elementor-toggle-icon-left\" aria-hidden=\"true\">\n\t\t\t\t\t\t\t\t\t\t\t\t\t\t\t<span class=\"elementor-toggle-icon-closed\"><i class=\"fas fa-caret-right\"><\/i><\/span>\n\t\t\t\t\t\t\t\t<span class=\"elementor-toggle-icon-opened\"><i class=\"elementor-toggle-icon-opened fas fa-caret-up\"><\/i><\/span>\n\t\t\t\t\t\t\t\t\t\t\t\t\t<\/span>\n\t\t\t\t\t\t\t\t\t\t\t\t<a class=\"elementor-toggle-title\" tabindex=\"0\">BASIC INFORMATION<\/a>\n\t\t\t\t\t<\/div>\n\n\t\t\t\t\t<div id=\"elementor-tab-content-6961\" class=\"elementor-tab-content elementor-clearfix\" data-tab=\"1\" role=\"region\" aria-labelledby=\"elementor-tab-title-6961\"><ul><li>In the framework of the Napenergia Plusz Program, you can apply for a solar panel system and energy storage equipment with a non-refundable state grant of 66%.<\/li><li>The amount of support is a maximum of 66% of the costs of the investment, but no more than HUF 5 million, i.e. the investment can be a maximum of HUF 7.5 million.<\/li><li>The total amount is HUF 75.8 billion.<\/li><li>A maximum of 15,160 projects can win, i.e. there can be this many winning households in total.<\/li><li>The order of the application is important for the assessment.<\/li><li>Application pre-registration can be submitted from January 15, 2024.<\/li><li>Only new investment can be supported, expansion and\/or replacement of an existing system is not.<\/li><\/ul><\/div>\n\t\t\t\t<\/div>\n\t\t\t\t\t\t\t<div class=\"elementor-toggle-item\">\n\t\t\t\t\t<div id=\"elementor-tab-title-6962\" class=\"elementor-tab-title\" data-tab=\"2\" role=\"button\" aria-controls=\"elementor-tab-content-6962\" aria-expanded=\"false\">\n\t\t\t\t\t\t\t\t\t\t\t\t<span class=\"elementor-toggle-icon elementor-toggle-icon-left\" aria-hidden=\"true\">\n\t\t\t\t\t\t\t\t\t\t\t\t\t\t\t<span class=\"elementor-toggle-icon-closed\"><i class=\"fas fa-caret-right\"><\/i><\/span>\n\t\t\t\t\t\t\t\t<span class=\"elementor-toggle-icon-opened\"><i class=\"elementor-toggle-icon-opened fas fa-caret-up\"><\/i><\/span>\n\t\t\t\t\t\t\t\t\t\t\t\t\t<\/span>\n\t\t\t\t\t\t\t\t\t\t\t\t<a class=\"elementor-toggle-title\" tabindex=\"0\">WHAT CAN YOU APPLY FOR?<\/a>\n\t\t\t\t\t<\/div>\n\n\t\t\t\t\t<div id=\"elementor-tab-content-6962\" class=\"elementor-tab-content elementor-clearfix\" data-tab=\"2\" role=\"region\" aria-labelledby=\"elementor-tab-title-6962\"><ul><li>The installation of household-sized small power plants (HMKE) with inverters with a minimum output of 4 kW and a maximum output of 5 kW can be supported.<\/li><li>Storage capacity: maximum 7.5 kWh, maximum 10 kWh.<\/li><li>The support can cover a maximum of 66% of the eligible costs, up to HUF 5,000,000.<\/li><li>The power of the solar panels can be a maximum of 120% of the power of the inverter.<\/li><\/ul><\/div>\n\t\t\t\t<\/div>\n\t\t\t\t\t\t\t<div class=\"elementor-toggle-item\">\n\t\t\t\t\t<div id=\"elementor-tab-title-6963\" class=\"elementor-tab-title\" data-tab=\"3\" role=\"button\" aria-controls=\"elementor-tab-content-6963\" aria-expanded=\"false\">\n\t\t\t\t\t\t\t\t\t\t\t\t<span class=\"elementor-toggle-icon elementor-toggle-icon-left\" aria-hidden=\"true\">\n\t\t\t\t\t\t\t\t\t\t\t\t\t\t\t<span class=\"elementor-toggle-icon-closed\"><i class=\"fas fa-caret-right\"><\/i><\/span>\n\t\t\t\t\t\t\t\t<span class=\"elementor-toggle-icon-opened\"><i class=\"elementor-toggle-icon-opened fas fa-caret-up\"><\/i><\/span>\n\t\t\t\t\t\t\t\t\t\t\t\t\t<\/span>\n\t\t\t\t\t\t\t\t\t\t\t\t<a class=\"elementor-toggle-title\" tabindex=\"0\">WHO CAN APPLY?<\/a>\n\t\t\t\t\t<\/div>\n\n\t\t\t\t\t<div id=\"elementor-tab-content-6963\" class=\"elementor-tab-content elementor-clearfix\" data-tab=\"3\" role=\"region\" aria-labelledby=\"elementor-tab-title-6963\"><ul><li>Property owners or beneficial individuals with Hungarian citizenship who have a tax identification number (so companies and foreign citizens cannot apply and cannot be among the owners of the property).<\/li><li>Who has no tax or public debt. (You may not have overdue taxes or public debts that are recoverable in the form of taxes that are more than 60 days old, unless the tax authorities have allowed deferred payment or payment in installments.)<\/li><li>Those who do not have an ongoing solar panel investment.<\/li><\/ul><\/div>\n\t\t\t\t<\/div>\n\t\t\t\t\t\t\t<div class=\"elementor-toggle-item\">\n\t\t\t\t\t<div id=\"elementor-tab-title-6964\" class=\"elementor-tab-title\" data-tab=\"4\" role=\"button\" aria-controls=\"elementor-tab-content-6964\" aria-expanded=\"false\">\n\t\t\t\t\t\t\t\t\t\t\t\t<span class=\"elementor-toggle-icon elementor-toggle-icon-left\" aria-hidden=\"true\">\n\t\t\t\t\t\t\t\t\t\t\t\t\t\t\t<span class=\"elementor-toggle-icon-closed\"><i class=\"fas fa-caret-right\"><\/i><\/span>\n\t\t\t\t\t\t\t\t<span class=\"elementor-toggle-icon-opened\"><i class=\"elementor-toggle-icon-opened fas fa-caret-up\"><\/i><\/span>\n\t\t\t\t\t\t\t\t\t\t\t\t\t<\/span>\n\t\t\t\t\t\t\t\t\t\t\t\t<a class=\"elementor-toggle-title\" tabindex=\"0\">EXCLUDING FACTORS<\/a>\n\t\t\t\t\t<\/div>\n\n\t\t\t\t\t<div id=\"elementor-tab-content-6964\" class=\"elementor-tab-content elementor-clearfix\" data-tab=\"4\" role=\"region\" aria-labelledby=\"elementor-tab-title-6964\"><p>You are not entitled to submit a grant application if you:<br \/><br \/><\/p><ul><li>has an overdue tax or a public debt that can be collected in the form of taxes that is overdue, except if the tax authority has granted deferred payment or installment payments, or who has a debt under the title of traditional own resources of the European Union;<\/li><li>whose residential real estate enterprise (individual enterprise, sole proprietorship, public partnership, limited partnership, limited liability company, limited liability company, etc.) has its headquarters, location, or branch office;<\/li><li>among the owners of the residential property intended for investment is someone who also has a business (individual business, sole proprietorship, general partnership, limited partnership, limited liability company, limited liability company, etc.).<\/li><\/ul><\/div>\n\t\t\t\t<\/div>\n\t\t\t\t\t\t\t<div class=\"elementor-toggle-item\">\n\t\t\t\t\t<div id=\"elementor-tab-title-6965\" class=\"elementor-tab-title\" data-tab=\"5\" role=\"button\" aria-controls=\"elementor-tab-content-6965\" aria-expanded=\"false\">\n\t\t\t\t\t\t\t\t\t\t\t\t<span class=\"elementor-toggle-icon elementor-toggle-icon-left\" aria-hidden=\"true\">\n\t\t\t\t\t\t\t\t\t\t\t\t\t\t\t<span class=\"elementor-toggle-icon-closed\"><i class=\"fas fa-caret-right\"><\/i><\/span>\n\t\t\t\t\t\t\t\t<span class=\"elementor-toggle-icon-opened\"><i class=\"elementor-toggle-icon-opened fas fa-caret-up\"><\/i><\/span>\n\t\t\t\t\t\t\t\t\t\t\t\t\t<\/span>\n\t\t\t\t\t\t\t\t\t\t\t\t<a class=\"elementor-toggle-title\" tabindex=\"0\">HOW CAN YOU APPLY?<\/a>\n\t\t\t\t\t<\/div>\n\n\t\t\t\t\t<div id=\"elementor-tab-content-6965\" class=\"elementor-tab-content elementor-clearfix\" data-tab=\"5\" role=\"region\" aria-labelledby=\"elementor-tab-title-6965\"><ul><li>The first step is pre-registration on the application interface, which you or your authorized representative can do through our Customer Portal. The evaluation takes place in the order of pre-registration, but this does not mean that the application is submitted.<br \/>For pre-registration, you need to submit several documents:<br \/>Ownership sheet or sheets, documents related to usufructuary rights, if the property is encumbered with such, lease agreement and declaration of consent of the lessor, if it is a leased property, power of attorney, if the application was submitted by an authorized representative, personal documents, the most recent electricity bill before submitting the pre-registration application , other relevant documents that are necessary for the assessment of the pre-registration application.<\/li><li>After successful pre-registration, you can submit the application for tender support, but for this you need proof of the submission of the application for connection to the electricity provider and the business contract.<\/li><\/ul><p><br \/>You should act as soon as possible, because the evaluation takes place in the order in which the application is submitted, which requires an accepted pre-registration, and for this you need to obtain a number of documents, as well as proof of the submission of the electricity supplier&#039;s connection permit.<\/p><\/div>\n\t\t\t\t<\/div>\n\t\t\t\t\t\t\t<div class=\"elementor-toggle-item\">\n\t\t\t\t\t<div id=\"elementor-tab-title-6966\" class=\"elementor-tab-title\" data-tab=\"6\" role=\"button\" aria-controls=\"elementor-tab-content-6966\" aria-expanded=\"false\">\n\t\t\t\t\t\t\t\t\t\t\t\t<span class=\"elementor-toggle-icon elementor-toggle-icon-left\" aria-hidden=\"true\">\n\t\t\t\t\t\t\t\t\t\t\t\t\t\t\t<span class=\"elementor-toggle-icon-closed\"><i class=\"fas fa-caret-right\"><\/i><\/span>\n\t\t\t\t\t\t\t\t<span class=\"elementor-toggle-icon-opened\"><i class=\"elementor-toggle-icon-opened fas fa-caret-up\"><\/i><\/span>\n\t\t\t\t\t\t\t\t\t\t\t\t\t<\/span>\n\t\t\t\t\t\t\t\t\t\t\t\t<a class=\"elementor-toggle-title\" tabindex=\"0\">WHEN AND HOW MUCH SHOULD YOU PAY?<\/a>\n\t\t\t\t\t<\/div>\n\n\t\t\t\t\t<div id=\"elementor-tab-content-6966\" class=\"elementor-tab-content elementor-clearfix\" data-tab=\"6\" role=\"region\" aria-labelledby=\"elementor-tab-title-6966\"><p>There are several options for when and how much you have to pay. What all options have in common is the payment schedule.<br \/><br \/>Payment is made in three stages:<br \/><br \/><\/p><ul><li>Advance payment: Based on a contractor contract, either you pay or the Sponsor (i.e. the state) pays. The extent of this depends on who pays.<\/li><li>Interim payment: When the report is ready, the contractor issues a partial invoice for 80% of the gross commitment price set in the business contract, and this must be settled, which is paid jointly by the Beneficiary and the Supporter.<\/li><li>Final payment: After confirmation of acceptance and commissioning by the distribution network operator (DSO \u2013 i.e. the electricity provider), the contractor issues the final invoice for 20% of the gross commitment price fixed in the business contract, the payment of which is also divided between the Applicant and the Supporter. The sponsored portion of the preparation and tender amounts (66%) is paid by the Sponsor to the Applicant.<\/li><\/ul><\/div>\n\t\t\t\t<\/div>\n\t\t\t\t\t\t\t\t<\/div>\n\t\t\t\t\t\t<\/div>\n\t\t\t\t<\/div>\n\t\t\t\t<div class=\"elementor-element elementor-element-789189c animated-slow elementor-widget__width-initial elementor-invisible elementor-widget elementor-widget-text-editor\" data-id=\"789189c\" data-element_type=\"widget\" data-e-type=\"widget\" data-settings=\"{&quot;_animation&quot;:&quot;fadeIn&quot;,&quot;_animation_delay&quot;:900}\" data-widget_type=\"text-editor.default\">\n\t\t\t\t<div class=\"elementor-widget-container\">\n\t\t\t\t\t\t\t\t\t<p>Act now, as the evaluation takes place in the order in which the application is submitted! Accepted pre-registration and a number of other documents are also required for the application, as well as proof of the electricity supplier&#039;s connection permit.<\/p><p>Due to the short deadline for submitting the application and the need for multifaceted documentation, choose our professional support, as part of which we will guide you through the entire application process free of charge!<\/p><p>\u00a0<\/p><p>IN CASE OF QUESTIONS, CALL +36 20 237 5740 OR REQUEST A CALL BACK! OUR COLLEAGUES ARE AT YOUR AVAILABILITY FOR ANY QUESTIONS.<\/p>\t\t\t\t\t\t\t\t<\/div>\n\t\t\t\t<\/div>\n\t\t\t\t<div class=\"elementor-element elementor-element-1a71794 elementor-mobile-align-center elementor-align-center elementor-widget elementor-widget-button\" data-id=\"1a71794\" data-element_type=\"widget\" data-e-type=\"widget\" data-widget_type=\"button.default\">\n\t\t\t\t<div class=\"elementor-widget-container\">\n\t\t\t\t\t\t\t\t\t<div class=\"elementor-button-wrapper\">\n\t\t\t\t\t<a class=\"elementor-button elementor-button-link elementor-size-sm\" href=\"#elementor-action%3Aaction%3Dpopup%3Aopen%26settings%3DeyJpZCI6IjczMyIsInRvZ2dsZSI6ZmFsc2V9\">\n\t\t\t\t\t\t<span class=\"elementor-button-content-wrapper\">\n\t\t\t\t\t\t\t\t\t<span class=\"elementor-button-text\">I request a call back<\/span>\n\t\t\t\t\t<\/span>\n\t\t\t\t\t<\/a>\n\t\t\t\t<\/div>\n\t\t\t\t\t\t\t\t<\/div>\n\t\t\t\t<\/div>\n\t\t\t\t\t<\/div>\n\t\t<\/div>\n\t\t\t\t\t<\/div>\n\t\t<\/section>\n\t\t\t\t<\/div>","protected":false},"excerpt":{"rendered":"<p>Napenergia Plusz Program 66%-OS \u00c1LLAMI T\u00c1MOGAT\u00c1SSAL A p\u00e1ly\u00e1zat meg\u00edr\u00e1s\u00e1t ingyenesen v\u00e1llaljuk! ALAPVET\u0150 INFORM\u00c1CI\u00d3K A Napenergia Plusz Program keret\u00e9ben 66% vissza nem t\u00e9r\u00edtend\u0151 \u00e1llami t\u00e1mogat\u00e1ssal lehet napelem rendszerre \u00e9s energiat\u00e1rol\u00f3 berendez\u00e9sre p\u00e1ly\u00e1zni. A t\u00e1mogat\u00e1s m\u00e9rt\u00e9ke a beruh\u00e1z\u00e1s k\u00f6lts\u00e9geinek maximum 66%-a, de legfeljebb 5 milli\u00f3 forint, azaz a beruh\u00e1z\u00e1s maximum 7,5 milli\u00f3 forint lehet. A teljes keret\u00f6sszeg [&hellip;]<\/p>\n","protected":false},"author":7,"featured_media":0,"parent":0,"menu_order":0,"comment_status":"closed","ping_status":"closed","template":"","meta":{"footnotes":""},"class_list":["post-3558","page","type-page","status-publish","hentry"],"yoast_head":"<!-- This site is optimized with the Yoast SEO Premium plugin v27.2 (Yoast SEO v27.3) - https:\/\/yoast.com\/product\/yoast-seo-premium-wordpress\/ -->\n<title>Napenergia Plusz Program - PSC Solar<\/title>\n<meta name=\"robots\" content=\"index, follow, max-snippet:-1, max-image-preview:large, max-video-preview:-1\" \/>\n<link rel=\"canonical\" href=\"https:\/\/pscsolar.hu\/en\/napenergia-plusz-program\/\" \/>\n<meta property=\"og:locale\" content=\"en_GB\" \/>\n<meta property=\"og:type\" content=\"article\" \/>\n<meta property=\"og:title\" content=\"Napenergia Plusz Program\" \/>\n<meta property=\"og:description\" content=\"Napenergia Plusz Program 66%-OS \u00c1LLAMI T\u00c1MOGAT\u00c1SSAL A p\u00e1ly\u00e1zat meg\u00edr\u00e1s\u00e1t ingyenesen v\u00e1llaljuk! ALAPVET\u0150 INFORM\u00c1CI\u00d3K A Napenergia Plusz Program keret\u00e9ben 66% vissza nem t\u00e9r\u00edtend\u0151 \u00e1llami t\u00e1mogat\u00e1ssal lehet napelem rendszerre \u00e9s energiat\u00e1rol\u00f3 berendez\u00e9sre p\u00e1ly\u00e1zni. A t\u00e1mogat\u00e1s m\u00e9rt\u00e9ke a beruh\u00e1z\u00e1s k\u00f6lts\u00e9geinek maximum 66%-a, de legfeljebb 5 milli\u00f3 forint, azaz a beruh\u00e1z\u00e1s maximum 7,5 milli\u00f3 forint lehet. A teljes keret\u00f6sszeg [&hellip;]\" \/>\n<meta property=\"og:url\" content=\"https:\/\/pscsolar.hu\/en\/napenergia-plusz-program\/\" \/>\n<meta property=\"og:site_name\" content=\"PSC Solar\" \/>\n<meta property=\"article:modified_time\" content=\"2024-01-05T13:17:23+00:00\" \/>\n<meta name=\"twitter:card\" content=\"summary_large_image\" \/>\n<meta name=\"twitter:label1\" content=\"Estimated reading time\" \/>\n\t<meta name=\"twitter:data1\" content=\"4 minutes\" \/>\n<script type=\"application\/ld+json\" class=\"yoast-schema-graph\">{\"@context\":\"https:\\\/\\\/schema.org\",\"@graph\":[{\"@type\":\"WebPage\",\"@id\":\"https:\\\/\\\/pscsolar.hu\\\/napenergia-plusz-program\\\/\",\"url\":\"https:\\\/\\\/pscsolar.hu\\\/napenergia-plusz-program\\\/\",\"name\":\"Napenergia Plusz Program - PSC Solar\",\"isPartOf\":{\"@id\":\"https:\\\/\\\/pscsolar.hu\\\/#website\"},\"datePublished\":\"2024-01-05T12:01:21+00:00\",\"dateModified\":\"2024-01-05T13:17:23+00:00\",\"breadcrumb\":{\"@id\":\"https:\\\/\\\/pscsolar.hu\\\/napenergia-plusz-program\\\/#breadcrumb\"},\"inLanguage\":\"en-GB\",\"potentialAction\":[{\"@type\":\"ReadAction\",\"target\":[\"https:\\\/\\\/pscsolar.hu\\\/napenergia-plusz-program\\\/\"]}]},{\"@type\":\"BreadcrumbList\",\"@id\":\"https:\\\/\\\/pscsolar.hu\\\/napenergia-plusz-program\\\/#breadcrumb\",\"itemListElement\":[{\"@type\":\"ListItem\",\"position\":1,\"name\":\"Home\",\"item\":\"https:\\\/\\\/pscsolar.hu\\\/\"},{\"@type\":\"ListItem\",\"position\":2,\"name\":\"Napenergia Plusz Program\"}]},{\"@type\":\"WebSite\",\"@id\":\"https:\\\/\\\/pscsolar.hu\\\/#website\",\"url\":\"https:\\\/\\\/pscsolar.hu\\\/\",\"name\":\"PSC Solar\",\"description\":\"Ir\u00e1nyt\u0171k\u00e9nt seg\u00edt\u00fcnk \u00fcgyfeleinknek eligazodni, a t\u00e1mogat\u00e1sok \u00e9s finansz\u00edroz\u00e1sok tenger\u00e9ben.\",\"publisher\":{\"@id\":\"https:\\\/\\\/pscsolar.hu\\\/#organization\"},\"potentialAction\":[{\"@type\":\"SearchAction\",\"target\":{\"@type\":\"EntryPoint\",\"urlTemplate\":\"https:\\\/\\\/pscsolar.hu\\\/?s={search_term_string}\"},\"query-input\":{\"@type\":\"PropertyValueSpecification\",\"valueRequired\":true,\"valueName\":\"search_term_string\"}}],\"inLanguage\":\"en-GB\"},{\"@type\":\"Organization\",\"@id\":\"https:\\\/\\\/pscsolar.hu\\\/#organization\",\"name\":\"PSC Solar Kft.\",\"url\":\"https:\\\/\\\/pscsolar.hu\\\/\",\"logo\":{\"@type\":\"ImageObject\",\"inLanguage\":\"en-GB\",\"@id\":\"https:\\\/\\\/pscsolar.hu\\\/#\\\/schema\\\/logo\\\/image\\\/\",\"url\":\"https:\\\/\\\/pscsolar.hu\\\/wp-content\\\/uploads\\\/2023\\\/07\\\/psc-solar-logo.png\",\"contentUrl\":\"https:\\\/\\\/pscsolar.hu\\\/wp-content\\\/uploads\\\/2023\\\/07\\\/psc-solar-logo.png\",\"width\":500,\"height\":500,\"caption\":\"PSC Solar Kft.\"},\"image\":{\"@id\":\"https:\\\/\\\/pscsolar.hu\\\/#\\\/schema\\\/logo\\\/image\\\/\"}}]}<\/script>\n<!-- \/ Yoast SEO Premium plugin. -->","yoast_head_json":{"title":"Napenergia Plusz Program - PSC Solar","robots":{"index":"index","follow":"follow","max-snippet":"max-snippet:-1","max-image-preview":"max-image-preview:large","max-video-preview":"max-video-preview:-1"},"canonical":"https:\/\/pscsolar.hu\/en\/napenergia-plusz-program\/","og_locale":"en_GB","og_type":"article","og_title":"Napenergia Plusz Program","og_description":"Napenergia Plusz Program 66%-OS \u00c1LLAMI T\u00c1MOGAT\u00c1SSAL A p\u00e1ly\u00e1zat meg\u00edr\u00e1s\u00e1t ingyenesen v\u00e1llaljuk! ALAPVET\u0150 INFORM\u00c1CI\u00d3K A Napenergia Plusz Program keret\u00e9ben 66% vissza nem t\u00e9r\u00edtend\u0151 \u00e1llami t\u00e1mogat\u00e1ssal lehet napelem rendszerre \u00e9s energiat\u00e1rol\u00f3 berendez\u00e9sre p\u00e1ly\u00e1zni. A t\u00e1mogat\u00e1s m\u00e9rt\u00e9ke a beruh\u00e1z\u00e1s k\u00f6lts\u00e9geinek maximum 66%-a, de legfeljebb 5 milli\u00f3 forint, azaz a beruh\u00e1z\u00e1s maximum 7,5 milli\u00f3 forint lehet. A teljes keret\u00f6sszeg [&hellip;]","og_url":"https:\/\/pscsolar.hu\/en\/napenergia-plusz-program\/","og_site_name":"PSC Solar","article_modified_time":"2024-01-05T13:17:23+00:00","twitter_card":"summary_large_image","twitter_misc":{"Estimated reading time":"4 minutes"},"schema":{"@context":"https:\/\/schema.org","@graph":[{"@type":"WebPage","@id":"https:\/\/pscsolar.hu\/napenergia-plusz-program\/","url":"https:\/\/pscsolar.hu\/napenergia-plusz-program\/","name":"Napenergia Plusz Program - PSC Solar","isPartOf":{"@id":"https:\/\/pscsolar.hu\/#website"},"datePublished":"2024-01-05T12:01:21+00:00","dateModified":"2024-01-05T13:17:23+00:00","breadcrumb":{"@id":"https:\/\/pscsolar.hu\/napenergia-plusz-program\/#breadcrumb"},"inLanguage":"en-GB","potentialAction":[{"@type":"ReadAction","target":["https:\/\/pscsolar.hu\/napenergia-plusz-program\/"]}]},{"@type":"BreadcrumbList","@id":"https:\/\/pscsolar.hu\/napenergia-plusz-program\/#breadcrumb","itemListElement":[{"@type":"ListItem","position":1,"name":"Home","item":"https:\/\/pscsolar.hu\/"},{"@type":"ListItem","position":2,"name":"Napenergia Plusz Program"}]},{"@type":"WebSite","@id":"https:\/\/pscsolar.hu\/#website","url":"https:\/\/pscsolar.hu\/","name":"PSC Solar","description":"As a compass, we help our clients navigate the sea of grants and financing.","publisher":{"@id":"https:\/\/pscsolar.hu\/#organization"},"potentialAction":[{"@type":"SearchAction","target":{"@type":"EntryPoint","urlTemplate":"https:\/\/pscsolar.hu\/?s={search_term_string}"},"query-input":{"@type":"PropertyValueSpecification","valueRequired":true,"valueName":"search_term_string"}}],"inLanguage":"en-GB"},{"@type":"Organization","@id":"https:\/\/pscsolar.hu\/#organization","name":"PSC Solar Kft.","url":"https:\/\/pscsolar.hu\/","logo":{"@type":"ImageObject","inLanguage":"en-GB","@id":"https:\/\/pscsolar.hu\/#\/schema\/logo\/image\/","url":"https:\/\/pscsolar.hu\/wp-content\/uploads\/2023\/07\/psc-solar-logo.png","contentUrl":"https:\/\/pscsolar.hu\/wp-content\/uploads\/2023\/07\/psc-solar-logo.png","width":500,"height":500,"caption":"PSC Solar Kft."},"image":{"@id":"https:\/\/pscsolar.hu\/#\/schema\/logo\/image\/"}}]}},"_links":{"self":[{"href":"https:\/\/pscsolar.hu\/en\/wp-json\/wp\/v2\/pages\/3558","targetHints":{"allow":["GET"]}}],"collection":[{"href":"https:\/\/pscsolar.hu\/en\/wp-json\/wp\/v2\/pages"}],"about":[{"href":"https:\/\/pscsolar.hu\/en\/wp-json\/wp\/v2\/types\/page"}],"author":[{"embeddable":true,"href":"https:\/\/pscsolar.hu\/en\/wp-json\/wp\/v2\/users\/7"}],"replies":[{"embeddable":true,"href":"https:\/\/pscsolar.hu\/en\/wp-json\/wp\/v2\/comments?post=3558"}],"version-history":[{"count":5,"href":"https:\/\/pscsolar.hu\/en\/wp-json\/wp\/v2\/pages\/3558\/revisions"}],"predecessor-version":[{"id":3619,"href":"https:\/\/pscsolar.hu\/en\/wp-json\/wp\/v2\/pages\/3558\/revisions\/3619"}],"wp:attachment":[{"href":"https:\/\/pscsolar.hu\/en\/wp-json\/wp\/v2\/media?parent=3558"}],"curies":[{"name":"wp","href":"https:\/\/api.w.org\/{rel}","templated":true}]}}