{"id":2048,"date":"2023-08-02T09:16:05","date_gmt":"2023-08-02T07:16:05","guid":{"rendered":"https:\/\/pscsolar.hu\/?page_id=2048"},"modified":"2023-09-22T17:59:43","modified_gmt":"2023-09-22T15:59:43","slug":"cookie-nyilatkozat","status":"publish","type":"page","link":"https:\/\/pscsolar.hu\/en\/cookie-nyilatkozat\/","title":{"rendered":"Cookie statement"},"content":{"rendered":"<div data-elementor-type=\"wp-page\" data-elementor-id=\"2048\" class=\"elementor elementor-2048\" data-elementor-post-type=\"page\">\n\t\t\t\t\t\t<section class=\"elementor-section elementor-top-section elementor-element elementor-element-53165d5 elementor-section-full_width elementor-section-height-default elementor-section-height-default\" data-id=\"53165d5\" data-element_type=\"section\" data-e-type=\"section\">\n\t\t\t\t\t\t<div class=\"elementor-container elementor-column-gap-default\">\n\t\t\t\t\t<div class=\"elementor-column elementor-col-100 elementor-top-column elementor-element elementor-element-92515cb\" data-id=\"92515cb\" data-element_type=\"column\" data-e-type=\"column\">\n\t\t\t<div class=\"elementor-widget-wrap elementor-element-populated\">\n\t\t\t\t\t\t<div class=\"elementor-element elementor-element-d620c82 elementor-widget elementor-widget-heading\" data-id=\"d620c82\" data-element_type=\"widget\" data-e-type=\"widget\" data-widget_type=\"heading.default\">\n\t\t\t\t<div class=\"elementor-widget-container\">\n\t\t\t\t\t<h1 class=\"elementor-heading-title elementor-size-default\">COOKIES <br>STATEMENT<\/h1>\t\t\t\t<\/div>\n\t\t\t\t<\/div>\n\t\t\t\t<div class=\"elementor-element elementor-element-cfddc11 elementor-widget__width-initial elementor-widget elementor-widget-text-editor\" data-id=\"cfddc11\" data-element_type=\"widget\" data-e-type=\"widget\" data-widget_type=\"text-editor.default\">\n\t\t\t\t<div class=\"elementor-widget-container\">\n\t\t\t\t\t\t\t\t\t<h1 style=\"text-align: center;\">EFFECTIVE: July 11, 2023.<\/h1><h1>1. WHAT ARE COOKIES AND HOW CAN YOU CHANGE YOUR SETTINGS?<\/h1><p>&quot;Cookies&quot; (hereinafter: &quot;cookie&quot; or &quot;cookie&quot;) are small text files that a website can use to make the user experience more efficient.<\/p><p>Some &quot;cookies&quot; are only temporary and disappear when you close the browser, while there are also permanent versions that remain on your computer for a long time. According to the law, cookies can be stored on the visitor&#039;s device if this is absolutely necessary for the operation of our website.<\/p><p>We need the visitor&#039;s permission to use all other types of cookies. This website uses various cookies. Some of the cookies that appear on the website are placed by our third-party service providers.<\/p><p>Browsers allow you to change cookie settings. Most browsers automatically accept cookies by default, but this can be changed to prevent automatic acceptance once set.<\/p><p>To learn more about changing your browser settings, see your browser&#039;s instructions or help. You can find out about the cookie settings of the most popular browsers at the following links:<\/p><p class=\"text text--gray\" style=\"margin-bottom: 0px; padding-bottom: 1em; background-image: initial; background-position: 0px 0px; background-size: initial; background-repeat: initial; background-attachment: initial; background-origin: initial; background-clip: initial; font-size: 20px; text-size-adjust: 100%; color: #2f2f2f; font-family: 'Open Sans', Arial, sans-serif; font-style: normal; font-variant-ligatures: normal; font-variant-caps: normal; font-weight: 500;\"><a style=\"background-image: initial; background-position: 0px 0px; background-size: initial; background-repeat: initial; background-attachment: initial; background-origin: initial; background-clip: initial; font-size: 20px; text-size-adjust: 100%; color: #2ea3f2; border-width: initial !important; border-style: none !important;\" href=\"https:\/\/support.google.com\/accounts\/answer\/61416?hl=hu\" target=\"_blank\" rel=\"noopener\">Google Chrome<\/a><\/p><p class=\"text text--gray\" style=\"margin-bottom: 0px; padding-bottom: 1em; background-image: initial; background-position: 0px 0px; background-size: initial; background-repeat: initial; background-attachment: initial; background-origin: initial; background-clip: initial; font-size: 20px; text-size-adjust: 100%; color: #2f2f2f; font-family: 'Open Sans', Arial, sans-serif; font-style: normal; font-variant-ligatures: normal; font-variant-caps: normal; font-weight: 500;\"><a style=\"background-image: initial; background-position: 0px 0px; background-size: initial; background-repeat: initial; background-attachment: initial; background-origin: initial; background-clip: initial; font-size: 20px; text-size-adjust: 100%; color: #2ea3f2; border-width: initial !important; border-style: none !important;\" href=\"https:\/\/support.mozilla.org\/hu\/kb\/S%C3%BCtik%20kezel%C3%A9se\" target=\"_blank\" rel=\"noopener\">Firefox<\/a><\/p><p class=\"text text--gray\" style=\"margin-bottom: 0px; padding-bottom: 1em; background-image: initial; background-position: 0px 0px; background-size: initial; background-repeat: initial; background-attachment: initial; background-origin: initial; background-clip: initial; font-size: 20px; text-size-adjust: 100%; color: #2f2f2f; font-family: 'Open Sans', Arial, sans-serif; font-style: normal; font-variant-ligatures: normal; font-variant-caps: normal; font-weight: 500;\"><a style=\"background-image: initial; background-position: 0px 0px; background-size: initial; background-repeat: initial; background-attachment: initial; background-origin: initial; background-clip: initial; font-size: 20px; text-size-adjust: 100%; color: #2ea3f2; border-width: initial !important; border-style: none !important;\" href=\"http:\/\/windows.microsoft.com\/hu-hu\/internet-explorer\/delete-manage-cookies#ie=ie-11\" target=\"_blank\" rel=\"noopener\">Microsoft Internet Explorer 11<\/a><\/p><p class=\"text text--gray\" style=\"margin-bottom: 0px; padding-bottom: 1em; background-image: initial; background-position: 0px 0px; background-size: initial; background-repeat: initial; background-attachment: initial; background-origin: initial; background-clip: initial; font-size: 20px; text-size-adjust: 100%; color: #2f2f2f; font-family: 'Open Sans', Arial, sans-serif; font-style: normal; font-variant-ligatures: normal; font-variant-caps: normal; font-weight: 500;\"><a style=\"background-image: initial; background-position: 0px 0px; background-size: initial; background-repeat: initial; background-attachment: initial; background-origin: initial; background-clip: initial; font-size: 20px; text-size-adjust: 100%; color: #2ea3f2; border-width: initial !important; border-style: none !important;\" href=\"http:\/\/windows.microsoft.com\/hu-hu\/internet-explorer\/delete-manage-cookies#ie=ie-10\" target=\"_blank\" rel=\"noopener\">Microsoft Internet Explorer 10<\/a><\/p><p class=\"text text--gray\" style=\"margin-bottom: 0px; padding-bottom: 1em; background-image: initial; background-position: 0px 0px; background-size: initial; background-repeat: initial; background-attachment: initial; background-origin: initial; background-clip: initial; font-size: 20px; text-size-adjust: 100%; color: #2f2f2f; font-family: 'Open Sans', Arial, sans-serif; font-style: normal; font-variant-ligatures: normal; font-variant-caps: normal; font-weight: 500;\"><a style=\"background-image: initial; background-position: 0px 0px; background-size: initial; background-repeat: initial; background-attachment: initial; background-origin: initial; background-clip: initial; font-size: 20px; text-size-adjust: 100%; color: #2ea3f2; border-width: initial !important; border-style: none !important;\" href=\"http:\/\/windows.microsoft.com\/hu-hu\/windows-10\/edge-privacy-faq\" target=\"_blank\" rel=\"noopener\">Microsoft Edge<\/a><\/p><p class=\"text text--gray\" style=\"margin-bottom: 0px; padding-bottom: 1em; background-image: initial; background-position: 0px 0px; background-size: initial; background-repeat: initial; background-attachment: initial; background-origin: initial; background-clip: initial; font-size: 20px; text-size-adjust: 100%; color: #2f2f2f; font-family: 'Open Sans', Arial, sans-serif; font-style: normal; font-variant-ligatures: normal; font-variant-caps: normal; font-weight: 500;\"><a style=\"background-image: initial; background-position: 0px 0px; background-size: initial; background-repeat: initial; background-attachment: initial; background-origin: initial; background-clip: initial; font-size: 20px; text-size-adjust: 100%; color: #2ea3f2; border-width: initial !important; border-style: none !important;\" href=\"http:\/\/support.apple.com\/kb\/index?page=search&amp;q=cookies%20safari\" target=\"_blank\" rel=\"noopener\">Safari<\/a><\/p><h1>2. WHERE DOES INFORMATION AND CONTRIBUTION TAKE PLACE IN RELATION TO COOKIE HANDLING?<\/h1><p>When you visit our website for the first time, a pop-up window appears at the top of the screen and you can determine which cookies you give your consent to.<\/p><p>This information window also contains a link to this Privacy Statement.<\/p><h1>3. TYPES OF COOKIES<\/h1><p><b>3.1. Indispensably necessary cookies<\/b><\/p><p>Essential cookies help the usability of our website by enabling basic functions such as site navigation and access to secure areas of the website.\u00a0<\/p><p>The website cannot function properly without these cookies.<\/p><ul><li>PHPSESSID Preserves user session state between page requests. until the browser is closed<\/li><li>CookieConsent Stores the user&#039;s cookie management statement on the given domain. 1 year<\/li><\/ul><ul><li>__cfduid The Cloudflare content server identifies Internet traffic. 1 year<\/li><li>JSESSIONID Assigns a unique, anonymous identifier to each page opening in order to improve the usability of the page until the browser is closed<\/li><li>wp_woocommerce_session_ Keeps the contents of the cart while navigating between pages until the browser is closed<\/li><li>woocommerce_items_in_cart Keeps the contents of the cart while navigating between pages until the browser is closed<\/li><li>wc_cart_hash_ Associates a unique ID with each customer so that the system can link orders with the customer 1 day<\/li><\/ul><p><b>3.2. Preferential cookies<\/b><\/p><p>By using preferential cookies, we can remember information that changes certain behavior and appearance of the website, for example your preferred language or the region in which you are located.<\/p><p><b>3.3. Cookies for statistical purposes<\/b><\/p><p><span style=\"font-size: 21px;\">By collecting and reporting data in an anonymous form, statistical cookies help the website owner understand how visitors interact with the website.<\/span><\/p><ul><li>_ga Records a unique identifier and uses it to create anonymous statistical data in connection with the use of the website. 2 years<\/li><li>_gid Records a unique identifier and uses it to create anonymous statistical data in connection with the use of the website. 2 years<\/li><li>_gat Used by Google Analytics to control the frequency of downloads. until the browser is closed<\/li><li>collect collects data for Google Analytics about the user&#039;s device and browsing habits, through various devices and marketing channels. until the browser is closed<\/li><\/ul><p><b>3.4. Cookies for marketing purposes<\/b><\/p><p>We use personalized cookies to track visitors&#039; website activity. The goal is to publish ads that are as relevant as possible to individual users, to display content that matches their preferences, and to encourage them to be active.<\/p><ul><li>ads\/ga-audiences Used by Google Adwords to target users whose browsing habits can be assumed to have a higher propensity to buy. until the browser is closed<\/li><li>pref Records a unique identifier from which Google compiles statistics about the videos viewed by the user on YouTube. 8 months<\/li><li>fr Used by Facebook to target users whose browsing habits can be assumed to have a higher propensity to buy. 3 months<\/li><li>tr Used by Facebook to target users whose browsing habits can be assumed to have a higher propensity to buy. until the browser is closed<\/li><\/ul><h1>4. CHECKING AND DISABLING COOKIE SETTINGS<\/h1><p>Modern browsers allow modification of the &quot;cookie settings&quot;. Some browsers automatically accept &quot;cookies&quot; by default, but this setting can also be changed in order to prevent the visitor from automatically accepting them in the future.<\/p><p>In case of conversion, the browser will offer the option of &quot;setting cookies&quot; each time.<\/p><p>Even if &quot;cookies&quot; are enabled, the Data Manager does not record any identifiers or passwords. The visitor can use the services in complete safety even if &quot;cookies&quot; are accepted.<\/p><p>We would like to inform our visitors that since the purpose of &quot;cookies&quot; is to support and facilitate the usability and processes of the website, if &quot;cookies&quot; are disabled, we cannot guarantee that the visitor will be able to fully use all the functions of the website.<\/p><p>In this case, the website may function differently than planned in the browser.<\/p>\t\t\t\t\t\t\t\t<\/div>\n\t\t\t\t<\/div>\n\t\t\t\t\t<\/div>\n\t\t<\/div>\n\t\t\t\t\t<\/div>\n\t\t<\/section>\n\t\t\t\t<\/div>","protected":false},"excerpt":{"rendered":"<p>COOKIE NYILATKOZAT HAT\u00c1LYOS: 2023. J\u00falius 11. 1. MIK AZOK A COOKIE-K (S\u00dcTIK), \u00c9S HOGYAN TUDOD M\u00d3DOS\u00cdTANI A BE\u00c1LL\u00cdT\u00c1SOKAT? A \u201ecookie\u201d-k (tov\u00e1bbiakban: \u201ecookie\u201d vagy \u201es\u00fcti\u201d) olyan kis sz\u00f6veges f\u00e1jlok, amelyeket egy weboldal felhaszn\u00e1lhat arra, hogy m\u00e9g hat\u00e9konyabb\u00e1 tegye a felhaszn\u00e1l\u00f3i \u00e9lm\u00e9nyt. N\u00e9h\u00e1ny \u201cs\u00fcti\u201d csak \u00e1tmeneti \u00e9s elt\u0171nik a b\u00f6ng\u00e9sz\u0151 bez\u00e1r\u00e1s\u00e1val, m\u00edg l\u00e9teznek tart\u00f3s v\u00e1ltozatok is, melyek [&hellip;]<\/p>\n","protected":false},"author":7,"featured_media":0,"parent":0,"menu_order":0,"comment_status":"closed","ping_status":"closed","template":"","meta":{"footnotes":""},"class_list":["post-2048","page","type-page","status-publish","hentry"],"yoast_head":"<!-- This site is optimized with the Yoast SEO Premium plugin v27.2 (Yoast SEO v27.3) - https:\/\/yoast.com\/product\/yoast-seo-premium-wordpress\/ -->\n<title>Cookie nyilatkozat - PSC Solar<\/title>\n<meta name=\"robots\" content=\"index, follow, max-snippet:-1, max-image-preview:large, max-video-preview:-1\" \/>\n<link rel=\"canonical\" href=\"https:\/\/pscsolar.hu\/en\/cookie-nyilatkozat\/\" \/>\n<meta property=\"og:locale\" content=\"en_GB\" \/>\n<meta property=\"og:type\" content=\"article\" \/>\n<meta property=\"og:title\" content=\"Cookie nyilatkozat\" \/>\n<meta property=\"og:description\" content=\"COOKIE NYILATKOZAT HAT\u00c1LYOS: 2023. J\u00falius 11. 1. MIK AZOK A COOKIE-K (S\u00dcTIK), \u00c9S HOGYAN TUDOD M\u00d3DOS\u00cdTANI A BE\u00c1LL\u00cdT\u00c1SOKAT? A \u201ecookie\u201d-k (tov\u00e1bbiakban: \u201ecookie\u201d vagy \u201es\u00fcti\u201d) olyan kis sz\u00f6veges f\u00e1jlok, amelyeket egy weboldal felhaszn\u00e1lhat arra, hogy m\u00e9g hat\u00e9konyabb\u00e1 tegye a felhaszn\u00e1l\u00f3i \u00e9lm\u00e9nyt. N\u00e9h\u00e1ny \u201cs\u00fcti\u201d csak \u00e1tmeneti \u00e9s elt\u0171nik a b\u00f6ng\u00e9sz\u0151 bez\u00e1r\u00e1s\u00e1val, m\u00edg l\u00e9teznek tart\u00f3s v\u00e1ltozatok is, melyek [&hellip;]\" \/>\n<meta property=\"og:url\" content=\"https:\/\/pscsolar.hu\/en\/cookie-nyilatkozat\/\" \/>\n<meta property=\"og:site_name\" content=\"PSC Solar\" \/>\n<meta property=\"article:modified_time\" content=\"2023-09-22T15:59:43+00:00\" \/>\n<meta name=\"twitter:card\" content=\"summary_large_image\" \/>\n<meta name=\"twitter:label1\" content=\"Estimated reading time\" \/>\n\t<meta name=\"twitter:data1\" content=\"4 minutes\" \/>\n<script type=\"application\/ld+json\" class=\"yoast-schema-graph\">{\"@context\":\"https:\\\/\\\/schema.org\",\"@graph\":[{\"@type\":\"WebPage\",\"@id\":\"https:\\\/\\\/pscsolar.hu\\\/cookie-nyilatkozat\\\/\",\"url\":\"https:\\\/\\\/pscsolar.hu\\\/cookie-nyilatkozat\\\/\",\"name\":\"Cookie nyilatkozat - PSC Solar\",\"isPartOf\":{\"@id\":\"https:\\\/\\\/pscsolar.hu\\\/#website\"},\"datePublished\":\"2023-08-02T07:16:05+00:00\",\"dateModified\":\"2023-09-22T15:59:43+00:00\",\"breadcrumb\":{\"@id\":\"https:\\\/\\\/pscsolar.hu\\\/cookie-nyilatkozat\\\/#breadcrumb\"},\"inLanguage\":\"en-GB\",\"potentialAction\":[{\"@type\":\"ReadAction\",\"target\":[\"https:\\\/\\\/pscsolar.hu\\\/cookie-nyilatkozat\\\/\"]}]},{\"@type\":\"BreadcrumbList\",\"@id\":\"https:\\\/\\\/pscsolar.hu\\\/cookie-nyilatkozat\\\/#breadcrumb\",\"itemListElement\":[{\"@type\":\"ListItem\",\"position\":1,\"name\":\"Home\",\"item\":\"https:\\\/\\\/pscsolar.hu\\\/\"},{\"@type\":\"ListItem\",\"position\":2,\"name\":\"Cookie nyilatkozat\"}]},{\"@type\":\"WebSite\",\"@id\":\"https:\\\/\\\/pscsolar.hu\\\/#website\",\"url\":\"https:\\\/\\\/pscsolar.hu\\\/\",\"name\":\"PSC Solar\",\"description\":\"Ir\u00e1nyt\u0171k\u00e9nt seg\u00edt\u00fcnk \u00fcgyfeleinknek eligazodni, a t\u00e1mogat\u00e1sok \u00e9s finansz\u00edroz\u00e1sok tenger\u00e9ben.\",\"publisher\":{\"@id\":\"https:\\\/\\\/pscsolar.hu\\\/#organization\"},\"potentialAction\":[{\"@type\":\"SearchAction\",\"target\":{\"@type\":\"EntryPoint\",\"urlTemplate\":\"https:\\\/\\\/pscsolar.hu\\\/?s={search_term_string}\"},\"query-input\":{\"@type\":\"PropertyValueSpecification\",\"valueRequired\":true,\"valueName\":\"search_term_string\"}}],\"inLanguage\":\"en-GB\"},{\"@type\":\"Organization\",\"@id\":\"https:\\\/\\\/pscsolar.hu\\\/#organization\",\"name\":\"PSC Solar Kft.\",\"url\":\"https:\\\/\\\/pscsolar.hu\\\/\",\"logo\":{\"@type\":\"ImageObject\",\"inLanguage\":\"en-GB\",\"@id\":\"https:\\\/\\\/pscsolar.hu\\\/#\\\/schema\\\/logo\\\/image\\\/\",\"url\":\"https:\\\/\\\/pscsolar.hu\\\/wp-content\\\/uploads\\\/2023\\\/07\\\/psc-solar-logo.png\",\"contentUrl\":\"https:\\\/\\\/pscsolar.hu\\\/wp-content\\\/uploads\\\/2023\\\/07\\\/psc-solar-logo.png\",\"width\":500,\"height\":500,\"caption\":\"PSC Solar Kft.\"},\"image\":{\"@id\":\"https:\\\/\\\/pscsolar.hu\\\/#\\\/schema\\\/logo\\\/image\\\/\"}}]}<\/script>\n<!-- \/ Yoast SEO Premium plugin. -->","yoast_head_json":{"title":"Cookie nyilatkozat - PSC Solar","robots":{"index":"index","follow":"follow","max-snippet":"max-snippet:-1","max-image-preview":"max-image-preview:large","max-video-preview":"max-video-preview:-1"},"canonical":"https:\/\/pscsolar.hu\/en\/cookie-nyilatkozat\/","og_locale":"en_GB","og_type":"article","og_title":"Cookie nyilatkozat","og_description":"COOKIE NYILATKOZAT HAT\u00c1LYOS: 2023. J\u00falius 11. 1. MIK AZOK A COOKIE-K (S\u00dcTIK), \u00c9S HOGYAN TUDOD M\u00d3DOS\u00cdTANI A BE\u00c1LL\u00cdT\u00c1SOKAT? A \u201ecookie\u201d-k (tov\u00e1bbiakban: \u201ecookie\u201d vagy \u201es\u00fcti\u201d) olyan kis sz\u00f6veges f\u00e1jlok, amelyeket egy weboldal felhaszn\u00e1lhat arra, hogy m\u00e9g hat\u00e9konyabb\u00e1 tegye a felhaszn\u00e1l\u00f3i \u00e9lm\u00e9nyt. N\u00e9h\u00e1ny \u201cs\u00fcti\u201d csak \u00e1tmeneti \u00e9s elt\u0171nik a b\u00f6ng\u00e9sz\u0151 bez\u00e1r\u00e1s\u00e1val, m\u00edg l\u00e9teznek tart\u00f3s v\u00e1ltozatok is, melyek [&hellip;]","og_url":"https:\/\/pscsolar.hu\/en\/cookie-nyilatkozat\/","og_site_name":"PSC Solar","article_modified_time":"2023-09-22T15:59:43+00:00","twitter_card":"summary_large_image","twitter_misc":{"Estimated reading time":"4 minutes"},"schema":{"@context":"https:\/\/schema.org","@graph":[{"@type":"WebPage","@id":"https:\/\/pscsolar.hu\/cookie-nyilatkozat\/","url":"https:\/\/pscsolar.hu\/cookie-nyilatkozat\/","name":"Cookie nyilatkozat - PSC Solar","isPartOf":{"@id":"https:\/\/pscsolar.hu\/#website"},"datePublished":"2023-08-02T07:16:05+00:00","dateModified":"2023-09-22T15:59:43+00:00","breadcrumb":{"@id":"https:\/\/pscsolar.hu\/cookie-nyilatkozat\/#breadcrumb"},"inLanguage":"en-GB","potentialAction":[{"@type":"ReadAction","target":["https:\/\/pscsolar.hu\/cookie-nyilatkozat\/"]}]},{"@type":"BreadcrumbList","@id":"https:\/\/pscsolar.hu\/cookie-nyilatkozat\/#breadcrumb","itemListElement":[{"@type":"ListItem","position":1,"name":"Home","item":"https:\/\/pscsolar.hu\/"},{"@type":"ListItem","position":2,"name":"Cookie nyilatkozat"}]},{"@type":"WebSite","@id":"https:\/\/pscsolar.hu\/#website","url":"https:\/\/pscsolar.hu\/","name":"PSC Solar","description":"As a compass, we help our clients navigate the sea of grants and financing.","publisher":{"@id":"https:\/\/pscsolar.hu\/#organization"},"potentialAction":[{"@type":"SearchAction","target":{"@type":"EntryPoint","urlTemplate":"https:\/\/pscsolar.hu\/?s={search_term_string}"},"query-input":{"@type":"PropertyValueSpecification","valueRequired":true,"valueName":"search_term_string"}}],"inLanguage":"en-GB"},{"@type":"Organization","@id":"https:\/\/pscsolar.hu\/#organization","name":"PSC Solar Kft.","url":"https:\/\/pscsolar.hu\/","logo":{"@type":"ImageObject","inLanguage":"en-GB","@id":"https:\/\/pscsolar.hu\/#\/schema\/logo\/image\/","url":"https:\/\/pscsolar.hu\/wp-content\/uploads\/2023\/07\/psc-solar-logo.png","contentUrl":"https:\/\/pscsolar.hu\/wp-content\/uploads\/2023\/07\/psc-solar-logo.png","width":500,"height":500,"caption":"PSC Solar Kft."},"image":{"@id":"https:\/\/pscsolar.hu\/#\/schema\/logo\/image\/"}}]}},"_links":{"self":[{"href":"https:\/\/pscsolar.hu\/en\/wp-json\/wp\/v2\/pages\/2048","targetHints":{"allow":["GET"]}}],"collection":[{"href":"https:\/\/pscsolar.hu\/en\/wp-json\/wp\/v2\/pages"}],"about":[{"href":"https:\/\/pscsolar.hu\/en\/wp-json\/wp\/v2\/types\/page"}],"author":[{"embeddable":true,"href":"https:\/\/pscsolar.hu\/en\/wp-json\/wp\/v2\/users\/7"}],"replies":[{"embeddable":true,"href":"https:\/\/pscsolar.hu\/en\/wp-json\/wp\/v2\/comments?post=2048"}],"version-history":[{"count":5,"href":"https:\/\/pscsolar.hu\/en\/wp-json\/wp\/v2\/pages\/2048\/revisions"}],"predecessor-version":[{"id":3455,"href":"https:\/\/pscsolar.hu\/en\/wp-json\/wp\/v2\/pages\/2048\/revisions\/3455"}],"wp:attachment":[{"href":"https:\/\/pscsolar.hu\/en\/wp-json\/wp\/v2\/media?parent=2048"}],"curies":[{"name":"wp","href":"https:\/\/api.w.org\/{rel}","templated":true}]}}