{"id":1367,"date":"2022-05-17T19:11:28","date_gmt":"2022-05-17T19:11:28","guid":{"rendered":"https:\/\/pscsolar.hu\/?page_id=1367"},"modified":"2023-08-16T20:17:20","modified_gmt":"2023-08-16T18:17:20","slug":"sikeres-ajanlatkeres","status":"publish","type":"page","link":"https:\/\/pscsolar.hu\/en\/sikeres-ajanlatkeres\/","title":{"rendered":"Sikeres aj\u00e1nlatk\u00e9r\u00e9s"},"content":{"rendered":"<div data-elementor-type=\"wp-page\" data-elementor-id=\"1367\" class=\"elementor elementor-1367\" data-elementor-post-type=\"page\">\n\t\t\t\t\t\t<section class=\"elementor-section elementor-top-section elementor-element elementor-element-aa5dfa9 elementor-section-height-min-height elementor-section-boxed elementor-section-height-default elementor-section-items-middle\" data-id=\"aa5dfa9\" data-element_type=\"section\" data-e-type=\"section\" data-settings=\"{&quot;background_background&quot;:&quot;classic&quot;}\">\n\t\t\t\t\t\t\t<div class=\"elementor-background-overlay\"><\/div>\n\t\t\t\t\t\t\t<div class=\"elementor-container elementor-column-gap-default\">\n\t\t\t\t\t<div class=\"elementor-column elementor-col-100 elementor-top-column elementor-element elementor-element-4e51e9d\" data-id=\"4e51e9d\" data-element_type=\"column\" data-e-type=\"column\">\n\t\t\t<div class=\"elementor-widget-wrap elementor-element-populated\">\n\t\t\t\t\t\t<div class=\"elementor-element elementor-element-f8d60dc elementor-widget elementor-widget-heading\" data-id=\"f8d60dc\" data-element_type=\"widget\" data-e-type=\"widget\" data-widget_type=\"heading.default\">\n\t\t\t\t<div class=\"elementor-widget-container\">\n\t\t\t\t\t<h2 class=\"elementor-heading-title elementor-size-default\">Thank you for your interest, our colleagues will contact you within 24 hours.<\/h2>\t\t\t\t<\/div>\n\t\t\t\t<\/div>\n\t\t\t\t<section class=\"elementor-section elementor-inner-section elementor-element elementor-element-faaf8d0 elementor-section-boxed elementor-section-height-default elementor-section-height-default\" data-id=\"faaf8d0\" data-element_type=\"section\" data-e-type=\"section\">\n\t\t\t\t\t\t<div class=\"elementor-container elementor-column-gap-default\">\n\t\t\t\t\t<div class=\"elementor-column elementor-col-33 elementor-inner-column elementor-element elementor-element-0bea92e\" data-id=\"0bea92e\" data-element_type=\"column\" data-e-type=\"column\">\n\t\t\t<div class=\"elementor-widget-wrap elementor-element-populated\">\n\t\t\t\t\t\t<div class=\"elementor-element elementor-element-ba3eba9 elementor-mobile-align-center elementor-icon-list--layout-traditional elementor-list-item-link-full_width elementor-widget elementor-widget-icon-list\" data-id=\"ba3eba9\" data-element_type=\"widget\" data-e-type=\"widget\" data-widget_type=\"icon-list.default\">\n\t\t\t\t<div class=\"elementor-widget-container\">\n\t\t\t\t\t\t\t<ul class=\"elementor-icon-list-items\">\n\t\t\t\t\t\t\t<li class=\"elementor-icon-list-item\">\n\t\t\t\t\t\t\t\t\t\t\t<span class=\"elementor-icon-list-icon\">\n\t\t\t\t\t\t\t<i aria-hidden=\"true\" class=\"fas fa-check-circle\"><\/i>\t\t\t\t\t\t<\/span>\n\t\t\t\t\t\t\t\t\t\t<span class=\"elementor-icon-list-text\">Free offer<\/span>\n\t\t\t\t\t\t\t\t\t<\/li>\n\t\t\t\t\t\t<\/ul>\n\t\t\t\t\t\t<\/div>\n\t\t\t\t<\/div>\n\t\t\t\t\t<\/div>\n\t\t<\/div>\n\t\t\t\t<div class=\"elementor-column elementor-col-33 elementor-inner-column elementor-element elementor-element-7030818\" data-id=\"7030818\" data-element_type=\"column\" data-e-type=\"column\">\n\t\t\t<div class=\"elementor-widget-wrap elementor-element-populated\">\n\t\t\t\t\t\t<div class=\"elementor-element elementor-element-0ddbba2 elementor-mobile-align-center elementor-icon-list--layout-traditional elementor-list-item-link-full_width elementor-widget elementor-widget-icon-list\" data-id=\"0ddbba2\" data-element_type=\"widget\" data-e-type=\"widget\" data-widget_type=\"icon-list.default\">\n\t\t\t\t<div class=\"elementor-widget-container\">\n\t\t\t\t\t\t\t<ul class=\"elementor-icon-list-items\">\n\t\t\t\t\t\t\t<li class=\"elementor-icon-list-item\">\n\t\t\t\t\t\t\t\t\t\t\t<span class=\"elementor-icon-list-icon\">\n\t\t\t\t\t\t\t<i aria-hidden=\"true\" class=\"fas fa-check-circle\"><\/i>\t\t\t\t\t\t<\/span>\n\t\t\t\t\t\t\t\t\t\t<span class=\"elementor-icon-list-text\">within 24 hours<\/span>\n\t\t\t\t\t\t\t\t\t<\/li>\n\t\t\t\t\t\t<\/ul>\n\t\t\t\t\t\t<\/div>\n\t\t\t\t<\/div>\n\t\t\t\t\t<\/div>\n\t\t<\/div>\n\t\t\t\t<div class=\"elementor-column elementor-col-33 elementor-inner-column elementor-element elementor-element-ddf408d\" data-id=\"ddf408d\" data-element_type=\"column\" data-e-type=\"column\">\n\t\t\t<div class=\"elementor-widget-wrap elementor-element-populated\">\n\t\t\t\t\t\t<div class=\"elementor-element elementor-element-6c9d821 elementor-mobile-align-center elementor-icon-list--layout-traditional elementor-list-item-link-full_width elementor-widget elementor-widget-icon-list\" data-id=\"6c9d821\" data-element_type=\"widget\" data-e-type=\"widget\" data-widget_type=\"icon-list.default\">\n\t\t\t\t<div class=\"elementor-widget-container\">\n\t\t\t\t\t\t\t<ul class=\"elementor-icon-list-items\">\n\t\t\t\t\t\t\t<li class=\"elementor-icon-list-item\">\n\t\t\t\t\t\t\t\t\t\t\t<span class=\"elementor-icon-list-icon\">\n\t\t\t\t\t\t\t<i aria-hidden=\"true\" class=\"fas fa-check-circle\"><\/i>\t\t\t\t\t\t<\/span>\n\t\t\t\t\t\t\t\t\t\t<span class=\"elementor-icon-list-text\">Without obligation<\/span>\n\t\t\t\t\t\t\t\t\t<\/li>\n\t\t\t\t\t\t<\/ul>\n\t\t\t\t\t\t<\/div>\n\t\t\t\t<\/div>\n\t\t\t\t\t<\/div>\n\t\t<\/div>\n\t\t\t\t\t<\/div>\n\t\t<\/section>\n\t\t\t\t\t<\/div>\n\t\t<\/div>\n\t\t\t\t\t<\/div>\n\t\t<\/section>\n\t\t\t\t<\/div>","protected":false},"excerpt":{"rendered":"<p>K\u00f6sz\u00f6nj\u00fck \u00e9rdekl\u0151d\u00e9s\u00e9t, koll\u00e9g\u00e1ink 24 \u00f3r\u00e1n bel\u00fcl felveszik a kapcsolatot \u00d6nnel. D\u00edjmentes aj\u00e1nlat 24 \u00f3r\u00e1n bel\u00fcl K\u00f6telezetts\u00e9g n\u00e9lk\u00fcl<\/p>","protected":false},"author":7,"featured_media":0,"parent":0,"menu_order":0,"comment_status":"closed","ping_status":"closed","template":"elementor_header_footer","meta":{"footnotes":""},"class_list":["post-1367","page","type-page","status-publish","hentry"],"yoast_head":"<!-- This site is optimized with the Yoast SEO Premium plugin v27.2 (Yoast SEO v27.3) - https:\/\/yoast.com\/product\/yoast-seo-premium-wordpress\/ -->\n<title>Sikeres aj\u00e1nlatk\u00e9r\u00e9s - PSC Solar<\/title>\n<meta name=\"robots\" content=\"index, follow, max-snippet:-1, max-image-preview:large, max-video-preview:-1\" \/>\n<link rel=\"canonical\" href=\"https:\/\/pscsolar.hu\/en\/sikeres-ajanlatkeres\/\" \/>\n<meta property=\"og:locale\" content=\"en_GB\" \/>\n<meta property=\"og:type\" content=\"article\" \/>\n<meta property=\"og:title\" content=\"Sikeres aj\u00e1nlatk\u00e9r\u00e9s\" \/>\n<meta property=\"og:description\" content=\"K\u00f6sz\u00f6nj\u00fck \u00e9rdekl\u0151d\u00e9s\u00e9t, koll\u00e9g\u00e1ink 24 \u00f3r\u00e1n bel\u00fcl felveszik a kapcsolatot \u00d6nnel. D\u00edjmentes aj\u00e1nlat 24 \u00f3r\u00e1n bel\u00fcl K\u00f6telezetts\u00e9g n\u00e9lk\u00fcl\" \/>\n<meta property=\"og:url\" content=\"https:\/\/pscsolar.hu\/en\/sikeres-ajanlatkeres\/\" \/>\n<meta property=\"og:site_name\" content=\"PSC Solar\" \/>\n<meta property=\"article:modified_time\" content=\"2023-08-16T18:17:20+00:00\" \/>\n<meta name=\"twitter:card\" content=\"summary_large_image\" \/>\n<meta name=\"twitter:label1\" content=\"Estimated reading time\" \/>\n\t<meta name=\"twitter:data1\" content=\"1 minute\" \/>\n<script type=\"application\/ld+json\" class=\"yoast-schema-graph\">{\"@context\":\"https:\\\/\\\/schema.org\",\"@graph\":[{\"@type\":\"WebPage\",\"@id\":\"https:\\\/\\\/pscsolar.hu\\\/sikeres-ajanlatkeres\\\/\",\"url\":\"https:\\\/\\\/pscsolar.hu\\\/sikeres-ajanlatkeres\\\/\",\"name\":\"Sikeres aj\u00e1nlatk\u00e9r\u00e9s - PSC Solar\",\"isPartOf\":{\"@id\":\"https:\\\/\\\/pscsolar.hu\\\/#website\"},\"datePublished\":\"2022-05-17T19:11:28+00:00\",\"dateModified\":\"2023-08-16T18:17:20+00:00\",\"breadcrumb\":{\"@id\":\"https:\\\/\\\/pscsolar.hu\\\/sikeres-ajanlatkeres\\\/#breadcrumb\"},\"inLanguage\":\"en-GB\",\"potentialAction\":[{\"@type\":\"ReadAction\",\"target\":[\"https:\\\/\\\/pscsolar.hu\\\/sikeres-ajanlatkeres\\\/\"]}]},{\"@type\":\"BreadcrumbList\",\"@id\":\"https:\\\/\\\/pscsolar.hu\\\/sikeres-ajanlatkeres\\\/#breadcrumb\",\"itemListElement\":[{\"@type\":\"ListItem\",\"position\":1,\"name\":\"Home\",\"item\":\"https:\\\/\\\/pscsolar.hu\\\/\"},{\"@type\":\"ListItem\",\"position\":2,\"name\":\"Sikeres aj\u00e1nlatk\u00e9r\u00e9s\"}]},{\"@type\":\"WebSite\",\"@id\":\"https:\\\/\\\/pscsolar.hu\\\/#website\",\"url\":\"https:\\\/\\\/pscsolar.hu\\\/\",\"name\":\"PSC Solar\",\"description\":\"Ir\u00e1nyt\u0171k\u00e9nt seg\u00edt\u00fcnk \u00fcgyfeleinknek eligazodni, a t\u00e1mogat\u00e1sok \u00e9s finansz\u00edroz\u00e1sok tenger\u00e9ben.\",\"publisher\":{\"@id\":\"https:\\\/\\\/pscsolar.hu\\\/#organization\"},\"potentialAction\":[{\"@type\":\"SearchAction\",\"target\":{\"@type\":\"EntryPoint\",\"urlTemplate\":\"https:\\\/\\\/pscsolar.hu\\\/?s={search_term_string}\"},\"query-input\":{\"@type\":\"PropertyValueSpecification\",\"valueRequired\":true,\"valueName\":\"search_term_string\"}}],\"inLanguage\":\"en-GB\"},{\"@type\":\"Organization\",\"@id\":\"https:\\\/\\\/pscsolar.hu\\\/#organization\",\"name\":\"PSC Solar Kft.\",\"url\":\"https:\\\/\\\/pscsolar.hu\\\/\",\"logo\":{\"@type\":\"ImageObject\",\"inLanguage\":\"en-GB\",\"@id\":\"https:\\\/\\\/pscsolar.hu\\\/#\\\/schema\\\/logo\\\/image\\\/\",\"url\":\"https:\\\/\\\/pscsolar.hu\\\/wp-content\\\/uploads\\\/2023\\\/07\\\/psc-solar-logo.png\",\"contentUrl\":\"https:\\\/\\\/pscsolar.hu\\\/wp-content\\\/uploads\\\/2023\\\/07\\\/psc-solar-logo.png\",\"width\":500,\"height\":500,\"caption\":\"PSC Solar Kft.\"},\"image\":{\"@id\":\"https:\\\/\\\/pscsolar.hu\\\/#\\\/schema\\\/logo\\\/image\\\/\"}}]}<\/script>\n<!-- \/ Yoast SEO Premium plugin. -->","yoast_head_json":{"title":"Sikeres aj\u00e1nlatk\u00e9r\u00e9s - PSC Solar","robots":{"index":"index","follow":"follow","max-snippet":"max-snippet:-1","max-image-preview":"max-image-preview:large","max-video-preview":"max-video-preview:-1"},"canonical":"https:\/\/pscsolar.hu\/en\/sikeres-ajanlatkeres\/","og_locale":"en_GB","og_type":"article","og_title":"Sikeres aj\u00e1nlatk\u00e9r\u00e9s","og_description":"K\u00f6sz\u00f6nj\u00fck \u00e9rdekl\u0151d\u00e9s\u00e9t, koll\u00e9g\u00e1ink 24 \u00f3r\u00e1n bel\u00fcl felveszik a kapcsolatot \u00d6nnel. D\u00edjmentes aj\u00e1nlat 24 \u00f3r\u00e1n bel\u00fcl K\u00f6telezetts\u00e9g n\u00e9lk\u00fcl","og_url":"https:\/\/pscsolar.hu\/en\/sikeres-ajanlatkeres\/","og_site_name":"PSC Solar","article_modified_time":"2023-08-16T18:17:20+00:00","twitter_card":"summary_large_image","twitter_misc":{"Estimated reading time":"1 minute"},"schema":{"@context":"https:\/\/schema.org","@graph":[{"@type":"WebPage","@id":"https:\/\/pscsolar.hu\/sikeres-ajanlatkeres\/","url":"https:\/\/pscsolar.hu\/sikeres-ajanlatkeres\/","name":"Sikeres aj\u00e1nlatk\u00e9r\u00e9s - PSC Solar","isPartOf":{"@id":"https:\/\/pscsolar.hu\/#website"},"datePublished":"2022-05-17T19:11:28+00:00","dateModified":"2023-08-16T18:17:20+00:00","breadcrumb":{"@id":"https:\/\/pscsolar.hu\/sikeres-ajanlatkeres\/#breadcrumb"},"inLanguage":"en-GB","potentialAction":[{"@type":"ReadAction","target":["https:\/\/pscsolar.hu\/sikeres-ajanlatkeres\/"]}]},{"@type":"BreadcrumbList","@id":"https:\/\/pscsolar.hu\/sikeres-ajanlatkeres\/#breadcrumb","itemListElement":[{"@type":"ListItem","position":1,"name":"Home","item":"https:\/\/pscsolar.hu\/"},{"@type":"ListItem","position":2,"name":"Sikeres aj\u00e1nlatk\u00e9r\u00e9s"}]},{"@type":"WebSite","@id":"https:\/\/pscsolar.hu\/#website","url":"https:\/\/pscsolar.hu\/","name":"PSC Solar","description":"As a compass, we help our clients navigate the sea of grants and financing.","publisher":{"@id":"https:\/\/pscsolar.hu\/#organization"},"potentialAction":[{"@type":"SearchAction","target":{"@type":"EntryPoint","urlTemplate":"https:\/\/pscsolar.hu\/?s={search_term_string}"},"query-input":{"@type":"PropertyValueSpecification","valueRequired":true,"valueName":"search_term_string"}}],"inLanguage":"en-GB"},{"@type":"Organization","@id":"https:\/\/pscsolar.hu\/#organization","name":"PSC Solar Kft.","url":"https:\/\/pscsolar.hu\/","logo":{"@type":"ImageObject","inLanguage":"en-GB","@id":"https:\/\/pscsolar.hu\/#\/schema\/logo\/image\/","url":"https:\/\/pscsolar.hu\/wp-content\/uploads\/2023\/07\/psc-solar-logo.png","contentUrl":"https:\/\/pscsolar.hu\/wp-content\/uploads\/2023\/07\/psc-solar-logo.png","width":500,"height":500,"caption":"PSC Solar Kft."},"image":{"@id":"https:\/\/pscsolar.hu\/#\/schema\/logo\/image\/"}}]}},"_links":{"self":[{"href":"https:\/\/pscsolar.hu\/en\/wp-json\/wp\/v2\/pages\/1367","targetHints":{"allow":["GET"]}}],"collection":[{"href":"https:\/\/pscsolar.hu\/en\/wp-json\/wp\/v2\/pages"}],"about":[{"href":"https:\/\/pscsolar.hu\/en\/wp-json\/wp\/v2\/types\/page"}],"author":[{"embeddable":true,"href":"https:\/\/pscsolar.hu\/en\/wp-json\/wp\/v2\/users\/7"}],"replies":[{"embeddable":true,"href":"https:\/\/pscsolar.hu\/en\/wp-json\/wp\/v2\/comments?post=1367"}],"version-history":[{"count":5,"href":"https:\/\/pscsolar.hu\/en\/wp-json\/wp\/v2\/pages\/1367\/revisions"}],"predecessor-version":[{"id":2653,"href":"https:\/\/pscsolar.hu\/en\/wp-json\/wp\/v2\/pages\/1367\/revisions\/2653"}],"wp:attachment":[{"href":"https:\/\/pscsolar.hu\/en\/wp-json\/wp\/v2\/media?parent=1367"}],"curies":[{"name":"wp","href":"https:\/\/api.w.org\/{rel}","templated":true}]}}