{"id":3679,"date":"2024-03-27T12:24:27","date_gmt":"2024-03-27T10:24:27","guid":{"rendered":"https:\/\/pscsolar.hu\/?page_id=3679"},"modified":"2024-03-27T13:41:35","modified_gmt":"2024-03-27T11:41:35","slug":"ginop-plusz","status":"publish","type":"page","link":"https:\/\/pscsolar.hu\/de\/ginop-plusz\/","title":{"rendered":"Ginop Plus"},"content":{"rendered":"<div data-elementor-type=\"wp-page\" data-elementor-id=\"3679\" class=\"elementor elementor-3679\" data-elementor-post-type=\"page\">\n\t\t\t\t\t\t<section class=\"elementor-section elementor-top-section elementor-element elementor-element-2a43950 elementor-section-boxed elementor-section-height-default elementor-section-height-default\" data-id=\"2a43950\" data-element_type=\"section\" data-e-type=\"section\" data-settings=\"{&quot;background_background&quot;:&quot;classic&quot;}\">\n\t\t\t\t\t\t\t<div class=\"elementor-background-overlay\"><\/div>\n\t\t\t\t\t\t\t<div class=\"elementor-container elementor-column-gap-default\">\n\t\t\t\t\t<div class=\"elementor-column elementor-col-100 elementor-top-column elementor-element elementor-element-ae19068\" data-id=\"ae19068\" data-element_type=\"column\" data-e-type=\"column\">\n\t\t\t<div class=\"elementor-widget-wrap elementor-element-populated\">\n\t\t\t\t\t\t<div class=\"elementor-element elementor-element-4405f98 animated-slow elementor-invisible elementor-widget elementor-widget-heading\" data-id=\"4405f98\" data-element_type=\"widget\" data-e-type=\"widget\" data-settings=\"{&quot;_animation&quot;:&quot;fadeIn&quot;,&quot;_animation_delay&quot;:700}\" data-widget_type=\"heading.default\">\n\t\t\t\t<div class=\"elementor-widget-container\">\n\t\t\t\t\t<h1 class=\"elementor-heading-title elementor-size-default\">GINOP Plus-Programm<\/h1>\t\t\t\t<\/div>\n\t\t\t\t<\/div>\n\t\t\t\t<div class=\"elementor-element elementor-element-1d63727 animated-slow elementor-invisible elementor-widget elementor-widget-heading\" data-id=\"1d63727\" data-element_type=\"widget\" data-e-type=\"widget\" data-settings=\"{&quot;_animation&quot;:&quot;fadeIn&quot;,&quot;_animation_delay&quot;:700}\" data-widget_type=\"heading.default\">\n\t\t\t\t<div class=\"elementor-widget-container\">\n\t\t\t\t\t<h1 class=\"elementor-heading-title elementor-size-default\">Kreditprogramm f\u00fcr KMU mit 0%-Zinsen<\/h1>\t\t\t\t<\/div>\n\t\t\t\t<\/div>\n\t\t\t\t<div class=\"elementor-element elementor-element-38c59ca animated-slow elementor-invisible elementor-widget elementor-widget-text-editor\" data-id=\"38c59ca\" data-element_type=\"widget\" data-e-type=\"widget\" data-settings=\"{&quot;_animation&quot;:&quot;fadeIn&quot;,&quot;_animation_delay&quot;:900}\" data-widget_type=\"text-editor.default\">\n\t\t\t\t<div class=\"elementor-widget-container\">\n\t\t\t\t\t\t\t\t\t<p>Wir schreiben die Bewerbung kostenlos!<\/p>\t\t\t\t\t\t\t\t<\/div>\n\t\t\t\t<\/div>\n\t\t\t\t\t<\/div>\n\t\t<\/div>\n\t\t\t\t\t<\/div>\n\t\t<\/section>\n\t\t\t\t<section class=\"elementor-section elementor-top-section elementor-element elementor-element-7f68b49 elementor-section-height-min-height elementor-section-boxed elementor-section-height-default elementor-section-items-middle\" data-id=\"7f68b49\" data-element_type=\"section\" data-e-type=\"section\" data-settings=\"{&quot;background_background&quot;:&quot;classic&quot;,&quot;shape_divider_bottom&quot;:&quot;triangle-asymmetrical&quot;,&quot;shape_divider_bottom_negative&quot;:&quot;yes&quot;}\">\n\t\t\t\t\t<div class=\"elementor-shape elementor-shape-bottom\" aria-hidden=\"true\" data-negative=\"true\">\n\t\t\t<svg xmlns=\"http:\/\/www.w3.org\/2000\/svg\" viewbox=\"0 0 1000 100\" preserveaspectratio=\"none\">\n\t<path class=\"elementor-shape-fill\" d=\"M737.9,94.7L0,0v100h1000V0L737.9,94.7z\"\/>\n<\/svg>\t\t<\/div>\n\t\t\t\t\t<div class=\"elementor-container elementor-column-gap-default\">\n\t\t\t\t\t<div class=\"elementor-column elementor-col-100 elementor-top-column elementor-element elementor-element-c3965b6\" data-id=\"c3965b6\" data-element_type=\"column\" data-e-type=\"column\">\n\t\t\t<div class=\"elementor-widget-wrap\">\n\t\t\t\t\t\t\t<\/div>\n\t\t<\/div>\n\t\t\t\t\t<\/div>\n\t\t<\/section>\n\t\t\t\t<section class=\"elementor-section elementor-top-section elementor-element elementor-element-2405a62 elementor-section-boxed elementor-section-height-default elementor-section-height-default\" data-id=\"2405a62\" data-element_type=\"section\" data-e-type=\"section\">\n\t\t\t\t\t\t<div class=\"elementor-container elementor-column-gap-default\">\n\t\t\t\t\t<div class=\"elementor-column elementor-col-100 elementor-top-column elementor-element elementor-element-872cbea\" data-id=\"872cbea\" data-element_type=\"column\" data-e-type=\"column\">\n\t\t\t<div class=\"elementor-widget-wrap elementor-element-populated\">\n\t\t\t\t\t\t<div class=\"elementor-element elementor-element-4be20d0 animated-slow elementor-widget__width-initial elementor-invisible elementor-widget elementor-widget-text-editor\" data-id=\"4be20d0\" data-element_type=\"widget\" data-e-type=\"widget\" data-settings=\"{&quot;_animation&quot;:&quot;fadeIn&quot;,&quot;_animation_delay&quot;:900}\" data-widget_type=\"text-editor.default\">\n\t\t\t\t<div class=\"elementor-widget-container\">\n\t\t\t\t\t\t\t\t\t<p>Der kostenlose Nutzungs- und Anlagezweck \u2013 derzeit noch mit einem Zinssatz von 5% erh\u00e4ltlich \u2013 <strong>Neben Sz\u00e9chenyi-Darlehen <\/strong>bald <strong>Es wird ein 0%-Darlehen zur Verf\u00fcgung stehen, das f\u00fcr Investitionen beantragt werden kann <\/strong>\u2013 r\u00fcckzahlbarer Zuschuss.<\/p><p><strong><em><br \/>\u201eIm ersten Rahmen des GINOP Plusz-Programms wird die Regierung in der n\u00e4chsten Periode insgesamt 450 Milliarden HUF f\u00fcr die Entwicklung von Unternehmen bereitstellen. Davon k\u00f6nnen ab dem zweiten Quartal 130 Milliarden Forint an Mitteln zur Verf\u00fcgung stehen.\u201c<\/em><\/strong><\/p><p>Ziel des Programms ist die Bereitstellung von Mitteln f\u00fcr Kleinst-, Klein- und Mittelunternehmen zur Erhaltung und Steigerung ihrer Wettbewerbsf\u00e4higkeit sowie f\u00fcr kurz- und mittelfristige einkommensschaffende Entwicklungen und Investitionen.<\/p><p>Die Mittel werden von der Ungarischen Entwicklungsbank bereitgestellt, Antr\u00e4ge und Anfragen k\u00f6nnen bei \u201eMFB Points\u201c eingereicht werden \u2013 \u00fcber das Filialnetz der MBH Bank und der Gr\u00e1nitbank.<\/p><p>Die genauen Bedingungen des Baus sind noch nicht bekannt.<\/p>\t\t\t\t\t\t\t\t<\/div>\n\t\t\t\t<\/div>\n\t\t\t\t\t<\/div>\n\t\t<\/div>\n\t\t\t\t\t<\/div>\n\t\t<\/section>\n\t\t\t\t<section class=\"elementor-section elementor-top-section elementor-element elementor-element-7e68ce9 elementor-section-boxed elementor-section-height-default elementor-section-height-default\" data-id=\"7e68ce9\" data-element_type=\"section\" data-e-type=\"section\">\n\t\t\t\t\t\t<div class=\"elementor-container elementor-column-gap-default\">\n\t\t\t\t\t<div class=\"elementor-column elementor-col-100 elementor-top-column elementor-element elementor-element-2bf8615\" data-id=\"2bf8615\" data-element_type=\"column\" data-e-type=\"column\">\n\t\t\t<div class=\"elementor-widget-wrap elementor-element-populated\">\n\t\t\t\t\t\t<div class=\"elementor-element elementor-element-0e2053d animated-slow elementor-invisible elementor-widget elementor-widget-heading\" data-id=\"0e2053d\" data-element_type=\"widget\" data-e-type=\"widget\" data-settings=\"{&quot;_animation&quot;:&quot;fadeIn&quot;,&quot;_animation_delay&quot;:300}\" data-widget_type=\"heading.default\">\n\t\t\t\t<div class=\"elementor-widget-container\">\n\t\t\t\t\t<h2 class=\"elementor-heading-title elementor-size-default\">GINOP PLUS - 2024 <\/h2>\t\t\t\t<\/div>\n\t\t\t\t<\/div>\n\t\t\t\t<div class=\"elementor-element elementor-element-2309c81 animated-slow elementor-invisible elementor-widget elementor-widget-heading\" data-id=\"2309c81\" data-element_type=\"widget\" data-e-type=\"widget\" data-settings=\"{&quot;_animation&quot;:&quot;fadeIn&quot;,&quot;_animation_delay&quot;:300}\" data-widget_type=\"heading.default\">\n\t\t\t\t<div class=\"elementor-widget-container\">\n\t\t\t\t\t<h2 class=\"elementor-heading-title elementor-size-default\">Zu welchem Zweck kann es beantragt werden?  <\/h2>\t\t\t\t<\/div>\n\t\t\t\t<\/div>\n\t\t\t\t<div class=\"elementor-element elementor-element-2af6290 animated-slow elementor-widget__width-initial elementor-invisible elementor-widget elementor-widget-text-editor\" data-id=\"2af6290\" data-element_type=\"widget\" data-e-type=\"widget\" data-settings=\"{&quot;_animation&quot;:&quot;fadeIn&quot;,&quot;_animation_delay&quot;:900}\" data-widget_type=\"text-editor.default\">\n\t\t\t\t<div class=\"elementor-widget-container\">\n\t\t\t\t\t\t\t\t\t<ul>\n<li>Finanzierung von Investitionen\n<ul>\n<li>Anschaffung neuer Sachanlagen, Maschinen, IT-Ger\u00e4te<\/li>\n<li>f\u00fcr den Kauf von Technologien, die erneuerbare Energiequellen nutzen und gr\u00fcne Energie unterst\u00fctzen<\/li>\n<li>Erwerb von immateriellen Verm\u00f6genswerten im Zusammenhang mit der Investition<\/li>\n<\/ul>\n<\/li>\n<\/ul>\t\t\t\t\t\t\t\t<\/div>\n\t\t\t\t<\/div>\n\t\t\t\t<div class=\"elementor-element elementor-element-3363d88 animated-slow elementor-invisible elementor-widget elementor-widget-heading\" data-id=\"3363d88\" data-element_type=\"widget\" data-e-type=\"widget\" data-settings=\"{&quot;_animation&quot;:&quot;fadeIn&quot;,&quot;_animation_delay&quot;:300}\" data-widget_type=\"heading.default\">\n\t\t\t\t<div class=\"elementor-widget-container\">\n\t\t\t\t\t<h2 class=\"elementor-heading-title elementor-size-default\">Wer kann sich bewerben? <\/h2>\t\t\t\t<\/div>\n\t\t\t\t<\/div>\n\t\t\t\t<div class=\"elementor-element elementor-element-bc15aac animated-slow elementor-widget__width-initial elementor-invisible elementor-widget elementor-widget-text-editor\" data-id=\"bc15aac\" data-element_type=\"widget\" data-e-type=\"widget\" data-settings=\"{&quot;_animation&quot;:&quot;fadeIn&quot;,&quot;_animation_delay&quot;:900}\" data-widget_type=\"text-editor.default\">\n\t\t\t\t<div class=\"elementor-widget-container\">\n\t\t\t\t\t\t\t\t\t<ul><li>Bewerben k\u00f6nnen sich Kleinst-, Klein- und Mittelunternehmen<\/li><li>Mit Ausnahme von Budapest wird es im ganzen Land erh\u00e4ltlich sein<\/li><\/ul>\t\t\t\t\t\t\t\t<\/div>\n\t\t\t\t<\/div>\n\t\t\t\t<div class=\"elementor-element elementor-element-7473053 animated-slow elementor-invisible elementor-widget elementor-widget-heading\" data-id=\"7473053\" data-element_type=\"widget\" data-e-type=\"widget\" data-settings=\"{&quot;_animation&quot;:&quot;fadeIn&quot;,&quot;_animation_delay&quot;:300}\" data-widget_type=\"heading.default\">\n\t\t\t\t<div class=\"elementor-widget-container\">\n\t\t\t\t\t<h2 class=\"elementor-heading-title elementor-size-default\">Wichtigste Ausschlussbedingungen:  <\/h2>\t\t\t\t<\/div>\n\t\t\t\t<\/div>\n\t\t\t\t<div class=\"elementor-element elementor-element-a49a59f animated-slow elementor-widget__width-initial elementor-invisible elementor-widget elementor-widget-text-editor\" data-id=\"a49a59f\" data-element_type=\"widget\" data-e-type=\"widget\" data-settings=\"{&quot;_animation&quot;:&quot;fadeIn&quot;,&quot;_animation_delay&quot;:900}\" data-widget_type=\"text-editor.default\">\n\t\t\t\t<div class=\"elementor-widget-container\">\n\t\t\t\t\t\t\t\t\t<ul><li>Es kann keine Zwangsvollstreckung oder erloschene Staatsschulden vorliegen \u2013 nicht nur bei dem Unternehmen, das den Kredit beantragt, sondern auch bei verbundenen Unternehmen<\/li><li>Weder das Unternehmen, das den Kredit beantragt, noch dessen Eigent\u00fcmer oder Manager d\u00fcrfen \u00fcber \u00fcberf\u00e4llige Kredite verf\u00fcgen<\/li><li>Es wird erwartet, dass sich Unternehmen bewerben k\u00f6nnen, die profitabel sind und deren Betriebsergebnisse in den letzten ein bis zwei Jahren positiv waren<\/li><\/ul>\t\t\t\t\t\t\t\t<\/div>\n\t\t\t\t<\/div>\n\t\t\t\t<div class=\"elementor-element elementor-element-71095bc animated-slow elementor-invisible elementor-widget elementor-widget-heading\" data-id=\"71095bc\" data-element_type=\"widget\" data-e-type=\"widget\" data-settings=\"{&quot;_animation&quot;:&quot;fadeIn&quot;,&quot;_animation_delay&quot;:300}\" data-widget_type=\"heading.default\">\n\t\t\t\t<div class=\"elementor-widget-container\">\n\t\t\t\t\t<h2 class=\"elementor-heading-title elementor-size-default\">Bedingungen:<\/h2>\t\t\t\t<\/div>\n\t\t\t\t<\/div>\n\t\t\t\t<div class=\"elementor-element elementor-element-4a25cea animated-slow elementor-widget__width-initial elementor-invisible elementor-widget elementor-widget-text-editor\" data-id=\"4a25cea\" data-element_type=\"widget\" data-e-type=\"widget\" data-settings=\"{&quot;_animation&quot;:&quot;fadeIn&quot;,&quot;_animation_delay&quot;:900}\" data-widget_type=\"text-editor.default\">\n\t\t\t\t<div class=\"elementor-widget-container\">\n\t\t\t\t\t\t\t\t\t<ul><li>Darlehensbetrag 10-100 Mio. HUF<\/li><li>Laufzeit: entspricht der Amortisationsdauer der erworbenen Verm\u00f6genswerte (typischerweise 5-7 Jahre) \u2013 jedoch maximal 15 Jahre<\/li><li>Eigenstrom: max. 15%<\/li><li><b>Interesse<\/b><strong>\u00a00%<\/strong><\/li><\/ul>\t\t\t\t\t\t\t\t<\/div>\n\t\t\t\t<\/div>\n\t\t\t\t<div class=\"elementor-element elementor-element-b517d8d animated-slow elementor-widget__width-initial elementor-invisible elementor-widget elementor-widget-text-editor\" data-id=\"b517d8d\" data-element_type=\"widget\" data-e-type=\"widget\" data-settings=\"{&quot;_animation&quot;:&quot;fadeIn&quot;,&quot;_animation_delay&quot;:900}\" data-widget_type=\"text-editor.default\">\n\t\t\t\t<div class=\"elementor-widget-container\">\n\t\t\t\t\t\t\t\t\t<p>Das Budget betr\u00e4gt 130 Milliarden HUF \u2013 berechnet mit einer durchschnittlichen Subvention von 40-50 Millionen HUF \u2013 ca. Es stellt die Genehmigung von 3000 Antr\u00e4gen sicher. Die Bearbeitung der Bewerbungen erfolgt entsprechend der bisherigen Praxis in der Reihenfolge der Einreichung, Bewerbungen k\u00f6nnen nur mit vollst\u00e4ndigen Unterlagen angenommen werden.<\/p><p><br \/>Obwohl die detaillierten Bedingungen des Programms noch nicht bekannt sind, <strong>wenn das Unternehmen konkrete Investitionsabsichten hat,<\/strong> Es lohnt sich, die Antr\u00e4ge so vorzubereiten, dass die Unterlagen zum Zeitpunkt der Einreichung 100% sind.<\/p>\t\t\t\t\t\t\t\t<\/div>\n\t\t\t\t<\/div>\n\t\t\t\t<div class=\"elementor-element elementor-element-369d526 elementor-mobile-align-center elementor-align-center elementor-widget elementor-widget-button\" data-id=\"369d526\" data-element_type=\"widget\" data-e-type=\"widget\" data-widget_type=\"button.default\">\n\t\t\t\t<div class=\"elementor-widget-container\">\n\t\t\t\t\t\t\t\t\t<div class=\"elementor-button-wrapper\">\n\t\t\t\t\t<a class=\"elementor-button elementor-button-link elementor-size-sm\" href=\"#elementor-action%3Aaction%3Dpopup%3Aopen%26settings%3DeyJpZCI6IjczMyIsInRvZ2dsZSI6ZmFsc2V9\">\n\t\t\t\t\t\t<span class=\"elementor-button-content-wrapper\">\n\t\t\t\t\t\t\t\t\t<span class=\"elementor-button-text\">Ich bitte um einen R\u00fcckruf<\/span>\n\t\t\t\t\t<\/span>\n\t\t\t\t\t<\/a>\n\t\t\t\t<\/div>\n\t\t\t\t\t\t\t\t<\/div>\n\t\t\t\t<\/div>\n\t\t\t\t\t<\/div>\n\t\t<\/div>\n\t\t\t\t\t<\/div>\n\t\t<\/section>\n\t\t\t\t<\/div>","protected":false},"excerpt":{"rendered":"<p>GINOP Plusz program Hitelprogram KKV-knak 0% kamattal A p\u00e1ly\u00e1zat meg\u00edr\u00e1s\u00e1t ingyenesen v\u00e1llaljuk! A szabad felhaszn\u00e1l\u00e1s\u00fa \u00e9s beruh\u00e1z\u00e1si c\u00e9l\u00fa \u2013 jelenleg m\u00e9g 5%-os kamattal ig\u00e9nyelhet\u0151 \u2013 Sz\u00e9chenyi hitelek mellett hamarosan el\u00e9rhet\u0151 lesz beruh\u00e1z\u00e1sokra ig\u00e9nyelhet\u0151 0%-os hitel \u2013 visszat\u00e9r\u00edtend\u0151 t\u00e1mogat\u00e1s. \u201eA GINOP Plusz program I. keret\u00e9n bel\u00fcl a korm\u00e1ny a k\u00f6vetkez\u0151 id\u0151szakban \u00f6sszesen 450 milli\u00e1rd forintot biztos\u00edt [&hellip;]<\/p>\n","protected":false},"author":7,"featured_media":0,"parent":0,"menu_order":0,"comment_status":"closed","ping_status":"closed","template":"","meta":{"footnotes":""},"class_list":["post-3679","page","type-page","status-publish","hentry"],"yoast_head":"<!-- This site is optimized with the Yoast SEO Premium plugin v27.2 (Yoast SEO v27.3) - https:\/\/yoast.com\/product\/yoast-seo-premium-wordpress\/ -->\n<title>Ginop Plusz - PSC Solar<\/title>\n<meta name=\"robots\" content=\"index, follow, max-snippet:-1, max-image-preview:large, max-video-preview:-1\" \/>\n<link rel=\"canonical\" href=\"https:\/\/pscsolar.hu\/de\/ginop-plusz\/\" \/>\n<meta property=\"og:locale\" content=\"de_DE\" \/>\n<meta property=\"og:type\" content=\"article\" \/>\n<meta property=\"og:title\" content=\"Ginop Plusz\" \/>\n<meta property=\"og:description\" content=\"GINOP Plusz program Hitelprogram KKV-knak 0% kamattal A p\u00e1ly\u00e1zat meg\u00edr\u00e1s\u00e1t ingyenesen v\u00e1llaljuk! A szabad felhaszn\u00e1l\u00e1s\u00fa \u00e9s beruh\u00e1z\u00e1si c\u00e9l\u00fa \u2013 jelenleg m\u00e9g 5%-os kamattal ig\u00e9nyelhet\u0151 \u2013 Sz\u00e9chenyi hitelek mellett hamarosan el\u00e9rhet\u0151 lesz beruh\u00e1z\u00e1sokra ig\u00e9nyelhet\u0151 0%-os hitel \u2013 visszat\u00e9r\u00edtend\u0151 t\u00e1mogat\u00e1s. \u201eA GINOP Plusz program I. keret\u00e9n bel\u00fcl a korm\u00e1ny a k\u00f6vetkez\u0151 id\u0151szakban \u00f6sszesen 450 milli\u00e1rd forintot biztos\u00edt [&hellip;]\" \/>\n<meta property=\"og:url\" content=\"https:\/\/pscsolar.hu\/de\/ginop-plusz\/\" \/>\n<meta property=\"og:site_name\" content=\"PSC Solar\" \/>\n<meta property=\"article:modified_time\" content=\"2024-03-27T11:41:35+00:00\" \/>\n<meta name=\"twitter:card\" content=\"summary_large_image\" \/>\n<meta name=\"twitter:label1\" content=\"Gesch\u00e4tzte Lesezeit\" \/>\n\t<meta name=\"twitter:data1\" content=\"2\u00a0Minuten\" \/>\n<script type=\"application\/ld+json\" class=\"yoast-schema-graph\">{\"@context\":\"https:\\\/\\\/schema.org\",\"@graph\":[{\"@type\":\"WebPage\",\"@id\":\"https:\\\/\\\/pscsolar.hu\\\/ginop-plusz\\\/\",\"url\":\"https:\\\/\\\/pscsolar.hu\\\/ginop-plusz\\\/\",\"name\":\"Ginop Plusz - PSC Solar\",\"isPartOf\":{\"@id\":\"https:\\\/\\\/pscsolar.hu\\\/#website\"},\"datePublished\":\"2024-03-27T10:24:27+00:00\",\"dateModified\":\"2024-03-27T11:41:35+00:00\",\"breadcrumb\":{\"@id\":\"https:\\\/\\\/pscsolar.hu\\\/ginop-plusz\\\/#breadcrumb\"},\"inLanguage\":\"de\",\"potentialAction\":[{\"@type\":\"ReadAction\",\"target\":[\"https:\\\/\\\/pscsolar.hu\\\/ginop-plusz\\\/\"]}]},{\"@type\":\"BreadcrumbList\",\"@id\":\"https:\\\/\\\/pscsolar.hu\\\/ginop-plusz\\\/#breadcrumb\",\"itemListElement\":[{\"@type\":\"ListItem\",\"position\":1,\"name\":\"Home\",\"item\":\"https:\\\/\\\/pscsolar.hu\\\/\"},{\"@type\":\"ListItem\",\"position\":2,\"name\":\"Ginop Plusz\"}]},{\"@type\":\"WebSite\",\"@id\":\"https:\\\/\\\/pscsolar.hu\\\/#website\",\"url\":\"https:\\\/\\\/pscsolar.hu\\\/\",\"name\":\"PSC Solar\",\"description\":\"Ir\u00e1nyt\u0171k\u00e9nt seg\u00edt\u00fcnk \u00fcgyfeleinknek eligazodni, a t\u00e1mogat\u00e1sok \u00e9s finansz\u00edroz\u00e1sok tenger\u00e9ben.\",\"publisher\":{\"@id\":\"https:\\\/\\\/pscsolar.hu\\\/#organization\"},\"potentialAction\":[{\"@type\":\"SearchAction\",\"target\":{\"@type\":\"EntryPoint\",\"urlTemplate\":\"https:\\\/\\\/pscsolar.hu\\\/?s={search_term_string}\"},\"query-input\":{\"@type\":\"PropertyValueSpecification\",\"valueRequired\":true,\"valueName\":\"search_term_string\"}}],\"inLanguage\":\"de\"},{\"@type\":\"Organization\",\"@id\":\"https:\\\/\\\/pscsolar.hu\\\/#organization\",\"name\":\"PSC Solar Kft.\",\"url\":\"https:\\\/\\\/pscsolar.hu\\\/\",\"logo\":{\"@type\":\"ImageObject\",\"inLanguage\":\"de\",\"@id\":\"https:\\\/\\\/pscsolar.hu\\\/#\\\/schema\\\/logo\\\/image\\\/\",\"url\":\"https:\\\/\\\/pscsolar.hu\\\/wp-content\\\/uploads\\\/2023\\\/07\\\/psc-solar-logo.png\",\"contentUrl\":\"https:\\\/\\\/pscsolar.hu\\\/wp-content\\\/uploads\\\/2023\\\/07\\\/psc-solar-logo.png\",\"width\":500,\"height\":500,\"caption\":\"PSC Solar Kft.\"},\"image\":{\"@id\":\"https:\\\/\\\/pscsolar.hu\\\/#\\\/schema\\\/logo\\\/image\\\/\"}}]}<\/script>\n<!-- \/ Yoast SEO Premium plugin. -->","yoast_head_json":{"title":"Ginop Plusz - PSC Solar","robots":{"index":"index","follow":"follow","max-snippet":"max-snippet:-1","max-image-preview":"max-image-preview:large","max-video-preview":"max-video-preview:-1"},"canonical":"https:\/\/pscsolar.hu\/de\/ginop-plusz\/","og_locale":"de_DE","og_type":"article","og_title":"Ginop Plusz","og_description":"GINOP Plusz program Hitelprogram KKV-knak 0% kamattal A p\u00e1ly\u00e1zat meg\u00edr\u00e1s\u00e1t ingyenesen v\u00e1llaljuk! A szabad felhaszn\u00e1l\u00e1s\u00fa \u00e9s beruh\u00e1z\u00e1si c\u00e9l\u00fa \u2013 jelenleg m\u00e9g 5%-os kamattal ig\u00e9nyelhet\u0151 \u2013 Sz\u00e9chenyi hitelek mellett hamarosan el\u00e9rhet\u0151 lesz beruh\u00e1z\u00e1sokra ig\u00e9nyelhet\u0151 0%-os hitel \u2013 visszat\u00e9r\u00edtend\u0151 t\u00e1mogat\u00e1s. \u201eA GINOP Plusz program I. keret\u00e9n bel\u00fcl a korm\u00e1ny a k\u00f6vetkez\u0151 id\u0151szakban \u00f6sszesen 450 milli\u00e1rd forintot biztos\u00edt [&hellip;]","og_url":"https:\/\/pscsolar.hu\/de\/ginop-plusz\/","og_site_name":"PSC Solar","article_modified_time":"2024-03-27T11:41:35+00:00","twitter_card":"summary_large_image","twitter_misc":{"Gesch\u00e4tzte Lesezeit":"2\u00a0Minuten"},"schema":{"@context":"https:\/\/schema.org","@graph":[{"@type":"WebPage","@id":"https:\/\/pscsolar.hu\/ginop-plusz\/","url":"https:\/\/pscsolar.hu\/ginop-plusz\/","name":"Ginop Plusz - PSC Solar","isPartOf":{"@id":"https:\/\/pscsolar.hu\/#website"},"datePublished":"2024-03-27T10:24:27+00:00","dateModified":"2024-03-27T11:41:35+00:00","breadcrumb":{"@id":"https:\/\/pscsolar.hu\/ginop-plusz\/#breadcrumb"},"inLanguage":"de","potentialAction":[{"@type":"ReadAction","target":["https:\/\/pscsolar.hu\/ginop-plusz\/"]}]},{"@type":"BreadcrumbList","@id":"https:\/\/pscsolar.hu\/ginop-plusz\/#breadcrumb","itemListElement":[{"@type":"ListItem","position":1,"name":"Home","item":"https:\/\/pscsolar.hu\/"},{"@type":"ListItem","position":2,"name":"Ginop Plusz"}]},{"@type":"WebSite","@id":"https:\/\/pscsolar.hu\/#website","url":"https:\/\/pscsolar.hu\/","name":"PSC Solar","description":"Als Kompass helfen wir unseren Kunden, sich im Meer der F\u00f6rdermittel und Finanzierungen zurechtzufinden.","publisher":{"@id":"https:\/\/pscsolar.hu\/#organization"},"potentialAction":[{"@type":"SearchAction","target":{"@type":"EntryPoint","urlTemplate":"https:\/\/pscsolar.hu\/?s={search_term_string}"},"query-input":{"@type":"PropertyValueSpecification","valueRequired":true,"valueName":"search_term_string"}}],"inLanguage":"de"},{"@type":"Organization","@id":"https:\/\/pscsolar.hu\/#organization","name":"PSC Solar Kft.","url":"https:\/\/pscsolar.hu\/","logo":{"@type":"ImageObject","inLanguage":"de","@id":"https:\/\/pscsolar.hu\/#\/schema\/logo\/image\/","url":"https:\/\/pscsolar.hu\/wp-content\/uploads\/2023\/07\/psc-solar-logo.png","contentUrl":"https:\/\/pscsolar.hu\/wp-content\/uploads\/2023\/07\/psc-solar-logo.png","width":500,"height":500,"caption":"PSC Solar Kft."},"image":{"@id":"https:\/\/pscsolar.hu\/#\/schema\/logo\/image\/"}}]}},"_links":{"self":[{"href":"https:\/\/pscsolar.hu\/de\/wp-json\/wp\/v2\/pages\/3679","targetHints":{"allow":["GET"]}}],"collection":[{"href":"https:\/\/pscsolar.hu\/de\/wp-json\/wp\/v2\/pages"}],"about":[{"href":"https:\/\/pscsolar.hu\/de\/wp-json\/wp\/v2\/types\/page"}],"author":[{"embeddable":true,"href":"https:\/\/pscsolar.hu\/de\/wp-json\/wp\/v2\/users\/7"}],"replies":[{"embeddable":true,"href":"https:\/\/pscsolar.hu\/de\/wp-json\/wp\/v2\/comments?post=3679"}],"version-history":[{"count":5,"href":"https:\/\/pscsolar.hu\/de\/wp-json\/wp\/v2\/pages\/3679\/revisions"}],"predecessor-version":[{"id":3705,"href":"https:\/\/pscsolar.hu\/de\/wp-json\/wp\/v2\/pages\/3679\/revisions\/3705"}],"wp:attachment":[{"href":"https:\/\/pscsolar.hu\/de\/wp-json\/wp\/v2\/media?parent=3679"}],"curies":[{"name":"wp","href":"https:\/\/api.w.org\/{rel}","templated":true}]}}